{"id":21,"date":"2020-03-18T21:18:36","date_gmt":"2020-03-18T20:18:36","guid":{"rendered":"http:\/\/shop.wendorff.dk\/?page_id=21"},"modified":"2020-03-25T21:10:46","modified_gmt":"2020-03-25T20:10:46","slug":"betaling","status":"publish","type":"page","link":"https:\/\/shop.wendorff.dk\/index.php\/betaling\/","title":{"rendered":"Betaling"},"content":{"rendered":"\n<p>Du kan betale med PayPal og kreditkort. <\/p>\n\n\n\n<p>Hvis du ikke har en PayPal bruger kan du stadigv\u00e6k v\u00e6lge check-ud med PayPal og derefter v\u00e6lge betaling med kort.<\/p>\n\n\n\n<p>PayPal st\u00e5r for alt h\u00e5ndtering af kortoplysninger og betaling. <\/p>\n","protected":false},"excerpt":{"rendered":"<p>Du kan betale med PayPal og kreditkort. Hvis du ikke har en PayPal bruger kan du stadigv\u00e6k v\u00e6lge check-ud med PayPal og derefter v\u00e6lge betaling med kort. PayPal st\u00e5r for alt h\u00e5ndtering af kortoplysninger og betaling.<\/p>\n","protected":false},"author":1,"featured_media":0,"parent":0,"menu_order":0,"comment_status":"closed","ping_status":"closed","template":"templates\/fullwidth.php","meta":{"footnotes":""},"class_list":["post-21","page","type-page","status-publish","hentry"],"_links":{"self":[{"href":"https:\/\/shop.wendorff.dk\/index.php\/wp-json\/wp\/v2\/pages\/21","targetHints":{"allow":["GET"]}}],"collection":[{"href":"https:\/\/shop.wendorff.dk\/index.php\/wp-json\/wp\/v2\/pages"}],"about":[{"href":"https:\/\/shop.wendorff.dk\/index.php\/wp-json\/wp\/v2\/types\/page"}],"author":[{"embeddable":true,"href":"https:\/\/shop.wendorff.dk\/index.php\/wp-json\/wp\/v2\/users\/1"}],"replies":[{"embeddable":true,"href":"https:\/\/shop.wendorff.dk\/index.php\/wp-json\/wp\/v2\/comments?post=21"}],"version-history":[{"count":7,"href":"https:\/\/shop.wendorff.dk\/index.php\/wp-json\/wp\/v2\/pages\/21\/revisions"}],"predecessor-version":[{"id":301,"href":"https:\/\/shop.wendorff.dk\/index.php\/wp-json\/wp\/v2\/pages\/21\/revisions\/301"}],"wp:attachment":[{"href":"https:\/\/shop.wendorff.dk\/index.php\/wp-json\/wp\/v2\/media?parent=21"}],"curies":[{"name":"wp","href":"https:\/\/api.w.org\/{rel}","templated":true}]}}