{"id":10,"date":"2020-03-18T17:25:56","date_gmt":"2020-03-18T16:25:56","guid":{"rendered":"http:\/\/shop.wendorff.dk\/?post_type=product&#038;p=10"},"modified":"2026-03-20T09:51:29","modified_gmt":"2026-03-20T08:51:29","slug":"sleipner-rugbroed","status":"publish","type":"product","link":"https:\/\/shop.wendorff.dk\/index.php\/vare\/sleipner-rugbroed\/","title":{"rendered":"Slejpner Rugbr\u00f8d"},"content":{"rendered":"<p>Vand, RUGMEL, \u00f8kologisk RUGKERNER, maltekstrakt (vand, BYGMALT, ristet BYGMALT), salt tilsat jod, halvsigtet RUGMEL, valsede RUGKERNER, \u00f8kologisk g\u00e6r, \u00f8kologisk honning, solsikkekerner, \u00f8kologisk SESAMFR\u00d8, g\u00e6r, BYGMALTMEL, \u00f8kologisk BYGMALT<\/p>\n<p>Energi 679 KJ<br \/>\nEnergi i Kcal 162 kcal<br \/>\nFedt 1,0 g<br \/>\n&#8211; heraf m\u00e6ttede fedt 0,1 g<br \/>\nKulhydrater 30 g<br \/>\n&#8211; heraf sukkerarter 1,3 g<br \/>\nProtein 4,6 g<br \/>\nSalt 1,2 g<br \/>\nKostfibre 6,9 g<br \/>\nVandindhold 56 g<\/p>\n","protected":false},"excerpt":{"rendered":"<p>Surdej<\/p>\n<p>Kerner<\/p>\n","protected":false},"featured_media":6449,"comment_status":"open","ping_status":"closed","template":"","meta":[],"product_brand":[],"product_cat":[17],"product_tag":[],"class_list":{"0":"post-10","1":"product","2":"type-product","3":"status-publish","4":"has-post-thumbnail","6":"product_cat-rugbroed","7":"pa_variant-i-skiver","8":"pa_variant-ikke-i-skiver","10":"first","11":"instock","12":"purchasable","13":"product-type-variable"},"_links":{"self":[{"href":"https:\/\/shop.wendorff.dk\/index.php\/wp-json\/wp\/v2\/product\/10","targetHints":{"allow":["GET"]}}],"collection":[{"href":"https:\/\/shop.wendorff.dk\/index.php\/wp-json\/wp\/v2\/product"}],"about":[{"href":"https:\/\/shop.wendorff.dk\/index.php\/wp-json\/wp\/v2\/types\/product"}],"replies":[{"embeddable":true,"href":"https:\/\/shop.wendorff.dk\/index.php\/wp-json\/wp\/v2\/comments?post=10"}],"wp:featuredmedia":[{"embeddable":true,"href":"https:\/\/shop.wendorff.dk\/index.php\/wp-json\/wp\/v2\/media\/6449"}],"wp:attachment":[{"href":"https:\/\/shop.wendorff.dk\/index.php\/wp-json\/wp\/v2\/media?parent=10"}],"wp:term":[{"taxonomy":"product_brand","embeddable":true,"href":"https:\/\/shop.wendorff.dk\/index.php\/wp-json\/wp\/v2\/product_brand?post=10"},{"taxonomy":"product_cat","embeddable":true,"href":"https:\/\/shop.wendorff.dk\/index.php\/wp-json\/wp\/v2\/product_cat?post=10"},{"taxonomy":"product_tag","embeddable":true,"href":"https:\/\/shop.wendorff.dk\/index.php\/wp-json\/wp\/v2\/product_tag?post=10"}],"curies":[{"name":"wp","href":"https:\/\/api.w.org\/{rel}","templated":true}]}}