{"id":128,"date":"2020-03-19T14:13:18","date_gmt":"2020-03-19T13:13:18","guid":{"rendered":"http:\/\/shop.wendorff.dk\/?post_type=product&#038;p=128"},"modified":"2026-03-20T09:48:51","modified_gmt":"2026-03-20T08:48:51","slug":"gulerodsbrud","status":"publish","type":"product","link":"https:\/\/shop.wendorff.dk\/index.php\/vare\/gulerodsbrud\/","title":{"rendered":"Gulerodsbrud"},"content":{"rendered":"<p>Fransk hvedemel (HVEDEMEL, enzymer (HVEDE), HVEDEGLUTEN, melbehandlingsmiddel: E300), brune h\u00f8rfr\u00f8, vand, guler\u00f8dder, HAVREGRYN, \u00f8kologisk rapsolie, chiafr\u00f8, solsikkekerner, \u00f8kologisk g\u00e6r, sukker, brun farin (sukker, r\u00f8rsukkersirup), salt tilsat jod, HVEDEGLUTEN, HVEDEMEL, emulgator: E472e, HVEDEMALTMEL, rapsolie, melbehandlingsmiddel: E300<\/p>\n<p>Energi 1238 KJ<br \/>\nEnergi i Kcal 298 kcal<br \/>\nFedt 13 g<br \/>\n&#8211; heraf m\u00e6ttede fedt 1,6 g<br \/>\nKulhydrater 30 g<br \/>\n&#8211; heraf sukkerarter 3,5 g<br \/>\nProtein 9,7 g<br \/>\nSalt 0,92 g<br \/>\nKostfibre 9,4 g<br \/>\nVandindhold 32 g<\/p>\n","protected":false},"excerpt":{"rendered":"<p>Fransk hvedemel (HVEDEMEL, enzymer (HVEDE), HVEDEGLUTEN, melbehandlingsmiddel: E300), brune h\u00f8rfr\u00f8, vand, guler\u00f8dder, HAVREGRYN, \u00f8kologisk rapsolie, chiafr\u00f8, solsikkekerner, \u00f8kologisk g\u00e6r, sukker, brun farin (sukker, r\u00f8rsukkersirup), salt tilsat jod, HVEDEGLUTEN, HVEDEMEL, emulgator: E472e, HVEDEMALTMEL, rapsolie, melbehandlingsmiddel: E300 Energi 1238 KJ Energi i Kcal 298 kcal Fedt 13 g &#8211; heraf m\u00e6ttede fedt 1,6 g Kulhydrater 30 g [&hellip;]<\/p>\n","protected":false},"featured_media":6512,"comment_status":"open","ping_status":"closed","template":"","meta":[],"product_brand":[],"product_cat":[19],"product_tag":[],"class_list":{"0":"post-128","1":"product","2":"type-product","3":"status-publish","4":"has-post-thumbnail","6":"product_cat-rundstykker","8":"first","9":"instock","10":"purchasable","11":"product-type-simple"},"_links":{"self":[{"href":"https:\/\/shop.wendorff.dk\/index.php\/wp-json\/wp\/v2\/product\/128","targetHints":{"allow":["GET"]}}],"collection":[{"href":"https:\/\/shop.wendorff.dk\/index.php\/wp-json\/wp\/v2\/product"}],"about":[{"href":"https:\/\/shop.wendorff.dk\/index.php\/wp-json\/wp\/v2\/types\/product"}],"replies":[{"embeddable":true,"href":"https:\/\/shop.wendorff.dk\/index.php\/wp-json\/wp\/v2\/comments?post=128"}],"wp:featuredmedia":[{"embeddable":true,"href":"https:\/\/shop.wendorff.dk\/index.php\/wp-json\/wp\/v2\/media\/6512"}],"wp:attachment":[{"href":"https:\/\/shop.wendorff.dk\/index.php\/wp-json\/wp\/v2\/media?parent=128"}],"wp:term":[{"taxonomy":"product_brand","embeddable":true,"href":"https:\/\/shop.wendorff.dk\/index.php\/wp-json\/wp\/v2\/product_brand?post=128"},{"taxonomy":"product_cat","embeddable":true,"href":"https:\/\/shop.wendorff.dk\/index.php\/wp-json\/wp\/v2\/product_cat?post=128"},{"taxonomy":"product_tag","embeddable":true,"href":"https:\/\/shop.wendorff.dk\/index.php\/wp-json\/wp\/v2\/product_tag?post=128"}],"curies":[{"name":"wp","href":"https:\/\/api.w.org\/{rel}","templated":true}]}}