{"id":140,"date":"2020-03-19T14:24:07","date_gmt":"2020-03-19T13:24:07","guid":{"rendered":"http:\/\/shop.wendorff.dk\/?post_type=product&#038;p=140"},"modified":"2025-08-26T14:21:14","modified_gmt":"2025-08-26T12:21:14","slug":"grovbirkes","status":"publish","type":"product","link":"https:\/\/shop.wendorff.dk\/index.php\/vare\/grovbirkes\/","title":{"rendered":"Grovbirkes"},"content":{"rendered":"<p>HVEDEMEL, vand, HAVREFLAGER, RUGMEL, h\u00f8rfr\u00f8, g\u00e6r, \u00f8kologisk maltekstrakt (\u00f8kologisk BYGMALT, vand), palmeolie, salt tilsat jod, HVEDEGLUTEN, rapsolie, maltekstrakt (BYGMALT, vand), sirup, emulgator: E472e, gr\u00e6skarkerner, solsikkekerner, SESAMFR\u00d8, HVEDEMALTMEL, salt, melbehandlingsmiddel: E300, BYGMALTMEL, aroma, vitamin A<\/p>\n<p>Energi 984 KJ<br \/>\nEnergi i Kcal 234 kcal<br \/>\nFedt 4,3 g<br \/>\n&#8211; heraf m\u00e6ttede fedt 1,1 g<br \/>\nKulhydrater 39 g<br \/>\n&#8211; heraf sukkerarter 1,4 g<br \/>\nProtein 8,1 g<br \/>\nSalt 0,77 g<br \/>\nKostfibre 3,6 g<br \/>\nVandindhold 44 g<\/p>\n","protected":false},"excerpt":{"rendered":"<p>HVEDEMEL, vand, HAVREFLAGER, RUGMEL, h\u00f8rfr\u00f8, g\u00e6r, \u00f8kologisk maltekstrakt (\u00f8kologisk BYGMALT, vand), palmeolie, salt tilsat jod, HVEDEGLUTEN, rapsolie, maltekstrakt (BYGMALT, vand), sirup, emulgator: E472e, gr\u00e6skarkerner, solsikkekerner, SESAMFR\u00d8, HVEDEMALTMEL, salt, melbehandlingsmiddel: E300, BYGMALTMEL, aroma, vitamin A Energi 984 KJ Energi i Kcal 234 kcal Fedt 4,3 g &#8211; heraf m\u00e6ttede fedt 1,1 g Kulhydrater 39 g &#8211; [&hellip;]<\/p>\n","protected":false},"featured_media":6438,"comment_status":"open","ping_status":"closed","template":"","meta":[],"product_brand":[],"product_cat":[19],"product_tag":[],"class_list":{"0":"post-140","1":"product","2":"type-product","3":"status-publish","4":"has-post-thumbnail","6":"product_cat-rundstykker","8":"first","9":"instock","10":"purchasable","11":"product-type-simple"},"_links":{"self":[{"href":"https:\/\/shop.wendorff.dk\/index.php\/wp-json\/wp\/v2\/product\/140","targetHints":{"allow":["GET"]}}],"collection":[{"href":"https:\/\/shop.wendorff.dk\/index.php\/wp-json\/wp\/v2\/product"}],"about":[{"href":"https:\/\/shop.wendorff.dk\/index.php\/wp-json\/wp\/v2\/types\/product"}],"replies":[{"embeddable":true,"href":"https:\/\/shop.wendorff.dk\/index.php\/wp-json\/wp\/v2\/comments?post=140"}],"wp:featuredmedia":[{"embeddable":true,"href":"https:\/\/shop.wendorff.dk\/index.php\/wp-json\/wp\/v2\/media\/6438"}],"wp:attachment":[{"href":"https:\/\/shop.wendorff.dk\/index.php\/wp-json\/wp\/v2\/media?parent=140"}],"wp:term":[{"taxonomy":"product_brand","embeddable":true,"href":"https:\/\/shop.wendorff.dk\/index.php\/wp-json\/wp\/v2\/product_brand?post=140"},{"taxonomy":"product_cat","embeddable":true,"href":"https:\/\/shop.wendorff.dk\/index.php\/wp-json\/wp\/v2\/product_cat?post=140"},{"taxonomy":"product_tag","embeddable":true,"href":"https:\/\/shop.wendorff.dk\/index.php\/wp-json\/wp\/v2\/product_tag?post=140"}],"curies":[{"name":"wp","href":"https:\/\/api.w.org\/{rel}","templated":true}]}}