{"id":151,"date":"2020-03-19T14:55:16","date_gmt":"2020-03-19T13:55:16","guid":{"rendered":"http:\/\/shop.wendorff.dk\/?post_type=product&#038;p=151"},"modified":"2026-03-20T09:57:55","modified_gmt":"2026-03-20T08:57:55","slug":"chiarugbroed","status":"publish","type":"product","link":"https:\/\/shop.wendorff.dk\/index.php\/vare\/chiarugbroed\/","title":{"rendered":"Chiarugbr\u00f8d"},"content":{"rendered":"<p>Vand, HVEDEMEL, RUGKERNER, chiafr\u00f8, \u00f8kologisk maltekstrakt (\u00f8kologisk BYGMALT, vand), RUGMEL, maltekstrakt (BYG), salt tilsat jod, valsede RUGKERNER, HAVREKLID, \u00f8kologisk RUGKERNER, g\u00e6r, \u00f8kologisk RUGMEL, halvsigtet RUGMEL, maltekstrakt (vand, BYGMALT, ristet BYGMALT), maltekstrakt (BYGMALT, vand), HVEDEMALTMEL, \u00f8kologisk honning, solsikkekerner, \u00f8kologisk SESAMFR\u00d8, \u00f8kologisk g\u00e6r, melbehandlingsmiddel: E300, BYGMALTMEL<\/p>\n<p>Energi 670 KJ<br \/>\nEnergi i Kcal 160 kcal<br \/>\nFedt 1,7 g<br \/>\n&#8211; heraf m\u00e6ttede fedt 0,2 g<br \/>\nKulhydrater 28 g<br \/>\n&#8211; heraf sukkerarter 1,7 g<br \/>\nProtein 5,2 g<br \/>\nSalt 1,5 g<br \/>\nKostfibre 4,2 g<br \/>\nVandindhold 49 g<\/p>\n","protected":false},"excerpt":{"rendered":"<p>Vand, HVEDEMEL, RUGKERNER, chiafr\u00f8, \u00f8kologisk maltekstrakt (\u00f8kologisk BYGMALT, vand), RUGMEL, maltekstrakt (BYG), salt tilsat jod, valsede RUGKERNER, HAVREKLID, \u00f8kologisk RUGKERNER, g\u00e6r, \u00f8kologisk RUGMEL, halvsigtet RUGMEL, maltekstrakt (vand, BYGMALT, ristet BYGMALT), maltekstrakt (BYGMALT, vand), HVEDEMALTMEL, \u00f8kologisk honning, solsikkekerner, \u00f8kologisk SESAMFR\u00d8, \u00f8kologisk g\u00e6r, melbehandlingsmiddel: E300, BYGMALTMEL Energi 670 KJ Energi i Kcal 160 kcal Fedt 1,7 g [&hellip;]<\/p>\n","protected":false},"featured_media":152,"comment_status":"open","ping_status":"closed","template":"","meta":[],"product_brand":[],"product_cat":[17],"product_tag":[],"class_list":{"0":"post-151","1":"product","2":"type-product","3":"status-publish","4":"has-post-thumbnail","6":"product_cat-rugbroed","7":"pa_variant-i-skiver","8":"pa_variant-ikke-i-skiver","10":"first","11":"instock","12":"purchasable","13":"product-type-variable"},"_links":{"self":[{"href":"https:\/\/shop.wendorff.dk\/index.php\/wp-json\/wp\/v2\/product\/151","targetHints":{"allow":["GET"]}}],"collection":[{"href":"https:\/\/shop.wendorff.dk\/index.php\/wp-json\/wp\/v2\/product"}],"about":[{"href":"https:\/\/shop.wendorff.dk\/index.php\/wp-json\/wp\/v2\/types\/product"}],"replies":[{"embeddable":true,"href":"https:\/\/shop.wendorff.dk\/index.php\/wp-json\/wp\/v2\/comments?post=151"}],"wp:featuredmedia":[{"embeddable":true,"href":"https:\/\/shop.wendorff.dk\/index.php\/wp-json\/wp\/v2\/media\/152"}],"wp:attachment":[{"href":"https:\/\/shop.wendorff.dk\/index.php\/wp-json\/wp\/v2\/media?parent=151"}],"wp:term":[{"taxonomy":"product_brand","embeddable":true,"href":"https:\/\/shop.wendorff.dk\/index.php\/wp-json\/wp\/v2\/product_brand?post=151"},{"taxonomy":"product_cat","embeddable":true,"href":"https:\/\/shop.wendorff.dk\/index.php\/wp-json\/wp\/v2\/product_cat?post=151"},{"taxonomy":"product_tag","embeddable":true,"href":"https:\/\/shop.wendorff.dk\/index.php\/wp-json\/wp\/v2\/product_tag?post=151"}],"curies":[{"name":"wp","href":"https:\/\/api.w.org\/{rel}","templated":true}]}}