{"id":156,"date":"2020-03-19T15:01:48","date_gmt":"2020-03-19T14:01:48","guid":{"rendered":"http:\/\/shop.wendorff.dk\/?post_type=product&#038;p=156"},"modified":"2026-03-20T09:56:58","modified_gmt":"2026-03-20T08:56:58","slug":"herregaards-rugbroed","status":"publish","type":"product","link":"https:\/\/shop.wendorff.dk\/index.php\/vare\/herregaards-rugbroed\/","title":{"rendered":"Herreg\u00e5rds rugbr\u00f8d"},"content":{"rendered":"<p>Vand, RUGKERNER, RUGMEL, halvsigtet RUGMEL, kartoffel (1,8%), salt tilsat jod, \u00f8kologisk maltekstrakt (\u00f8kologisk BYGMALT, vand), t\u00f8rret surdej med biologisk fremstillet m\u00e6lkesyre (HVEDEMEL, starterkultur), HVEDEMEL, \u00f8kologisk RUGKERNER, h\u00f8rfr\u00f8, \u00f8kologisk RUGMEL, maltekstrakt (vand, BYGMALT, ristet BYGMALT), g\u00e6r, chiafr\u00f8, maltekstrakt (BYGMALT, vand), maltekstrakt (BYG), valsede RUGKERNER, \u00f8kologisk honning, BYGMALTMEL, HAVREKLID, solsikkekerner, \u00f8kologisk SESAMFR\u00d8, \u00f8kologisk g\u00e6r, antioxidant: E392, HVEDEMALTMEL, melbehandlingsmiddel: E300<\/p>\n<p>Energi 749 KJ<br \/>\nEnergi i Kcal 179 kcal<br \/>\nFedt 1,1 g<br \/>\n&#8211; heraf m\u00e6ttede fedt 0,2 g<br \/>\nKulhydrater 33 g<br \/>\n&#8211; heraf sukkerarter 1,2 g<br \/>\nProtein 5,1 g<br \/>\nSalt 1,8 g<br \/>\nKostfibre 7,0 g<br \/>\nVandindhold 47 g<\/p>\n","protected":false},"excerpt":{"rendered":"<p>Vand, RUGKERNER, RUGMEL, halvsigtet RUGMEL, kartoffel (1,8%), salt tilsat jod, \u00f8kologisk maltekstrakt (\u00f8kologisk BYGMALT, vand), t\u00f8rret surdej med biologisk fremstillet m\u00e6lkesyre (HVEDEMEL, starterkultur), HVEDEMEL, \u00f8kologisk RUGKERNER, h\u00f8rfr\u00f8, \u00f8kologisk RUGMEL, maltekstrakt (vand, BYGMALT, ristet BYGMALT), g\u00e6r, chiafr\u00f8, maltekstrakt (BYGMALT, vand), maltekstrakt (BYG), valsede RUGKERNER, \u00f8kologisk honning, BYGMALTMEL, HAVREKLID, solsikkekerner, \u00f8kologisk SESAMFR\u00d8, \u00f8kologisk g\u00e6r, antioxidant: E392, HVEDEMALTMEL, [&hellip;]<\/p>\n","protected":false},"featured_media":157,"comment_status":"open","ping_status":"closed","template":"","meta":[],"product_brand":[],"product_cat":[17],"product_tag":[],"class_list":{"0":"post-156","1":"product","2":"type-product","3":"status-publish","4":"has-post-thumbnail","6":"product_cat-rugbroed","7":"pa_variant-i-skiver","8":"pa_variant-ikke-i-skiver","10":"first","11":"instock","12":"purchasable","13":"product-type-variable"},"_links":{"self":[{"href":"https:\/\/shop.wendorff.dk\/index.php\/wp-json\/wp\/v2\/product\/156","targetHints":{"allow":["GET"]}}],"collection":[{"href":"https:\/\/shop.wendorff.dk\/index.php\/wp-json\/wp\/v2\/product"}],"about":[{"href":"https:\/\/shop.wendorff.dk\/index.php\/wp-json\/wp\/v2\/types\/product"}],"replies":[{"embeddable":true,"href":"https:\/\/shop.wendorff.dk\/index.php\/wp-json\/wp\/v2\/comments?post=156"}],"wp:featuredmedia":[{"embeddable":true,"href":"https:\/\/shop.wendorff.dk\/index.php\/wp-json\/wp\/v2\/media\/157"}],"wp:attachment":[{"href":"https:\/\/shop.wendorff.dk\/index.php\/wp-json\/wp\/v2\/media?parent=156"}],"wp:term":[{"taxonomy":"product_brand","embeddable":true,"href":"https:\/\/shop.wendorff.dk\/index.php\/wp-json\/wp\/v2\/product_brand?post=156"},{"taxonomy":"product_cat","embeddable":true,"href":"https:\/\/shop.wendorff.dk\/index.php\/wp-json\/wp\/v2\/product_cat?post=156"},{"taxonomy":"product_tag","embeddable":true,"href":"https:\/\/shop.wendorff.dk\/index.php\/wp-json\/wp\/v2\/product_tag?post=156"}],"curies":[{"name":"wp","href":"https:\/\/api.w.org\/{rel}","templated":true}]}}