{"id":159,"date":"2020-03-19T15:07:32","date_gmt":"2020-03-19T14:07:32","guid":{"rendered":"http:\/\/shop.wendorff.dk\/?post_type=product&#038;p=159"},"modified":"2026-03-20T09:56:28","modified_gmt":"2026-03-20T08:56:28","slug":"softkerne-rugbroed","status":"publish","type":"product","link":"https:\/\/shop.wendorff.dk\/index.php\/vare\/softkerne-rugbroed\/","title":{"rendered":"Softkerne rugbr\u00f8d"},"content":{"rendered":"<p>Vand, halvsigtet RUGMEL, RUGKERNER, RUGMEL, HVEDEMEL, HAVREFLAGER, salt tilsat jod, \u00f8kologisk maltekstrakt (\u00f8kologisk BYGMALT, vand), t\u00f8rret surdej med biologisk fremstillet m\u00e6lkesyre (HVEDEMEL, starterkultur), \u00f8kologisk RUGKERNER, SESAMFR\u00d8, g\u00e6r, \u00f8kologisk RUGMEL, maltekstrakt (vand, BYGMALT, ristet BYGMALT), chiafr\u00f8, maltekstrakt (BYGMALT, vand), maltekstrakt (BYG), valsede RUGKERNER, \u00f8kologisk honning, BYGMALTMEL, HAVREKLID, solsikkekerner, \u00f8kologisk SESAMFR\u00d8, HVEDEMALTMEL, \u00f8kologisk g\u00e6r, melbehandlingsmiddel: E300<\/p>\n<p>Energi 743 KJ<br \/>\nEnergi i Kcal 177 kcal<br \/>\nFedt 1,3 g<br \/>\n&#8211; heraf m\u00e6ttede fedt 0,2 g<br \/>\nKulhydrater 33 g<br \/>\n&#8211; heraf sukkerarter 1,8 g<br \/>\nProtein 5,1 g<br \/>\nSalt 1,3 g<br \/>\nKostfibre 5,7 g<br \/>\nVandindhold 46 g<\/p>\n","protected":false},"excerpt":{"rendered":"<p>Vand, halvsigtet RUGMEL, RUGKERNER, RUGMEL, HVEDEMEL, HAVREFLAGER, salt tilsat jod, \u00f8kologisk maltekstrakt (\u00f8kologisk BYGMALT, vand), t\u00f8rret surdej med biologisk fremstillet m\u00e6lkesyre (HVEDEMEL, starterkultur), \u00f8kologisk RUGKERNER, SESAMFR\u00d8, g\u00e6r, \u00f8kologisk RUGMEL, maltekstrakt (vand, BYGMALT, ristet BYGMALT), chiafr\u00f8, maltekstrakt (BYGMALT, vand), maltekstrakt (BYG), valsede RUGKERNER, \u00f8kologisk honning, BYGMALTMEL, HAVREKLID, solsikkekerner, \u00f8kologisk SESAMFR\u00d8, HVEDEMALTMEL, \u00f8kologisk g\u00e6r, melbehandlingsmiddel: E300 Energi [&hellip;]<\/p>\n","protected":false},"featured_media":6437,"comment_status":"open","ping_status":"closed","template":"","meta":[],"product_brand":[],"product_cat":[17],"product_tag":[],"class_list":{"0":"post-159","1":"product","2":"type-product","3":"status-publish","4":"has-post-thumbnail","6":"product_cat-rugbroed","7":"pa_variant-i-skiver","8":"pa_variant-ikke-i-skiver","10":"first","11":"instock","12":"purchasable","13":"product-type-variable"},"_links":{"self":[{"href":"https:\/\/shop.wendorff.dk\/index.php\/wp-json\/wp\/v2\/product\/159","targetHints":{"allow":["GET"]}}],"collection":[{"href":"https:\/\/shop.wendorff.dk\/index.php\/wp-json\/wp\/v2\/product"}],"about":[{"href":"https:\/\/shop.wendorff.dk\/index.php\/wp-json\/wp\/v2\/types\/product"}],"replies":[{"embeddable":true,"href":"https:\/\/shop.wendorff.dk\/index.php\/wp-json\/wp\/v2\/comments?post=159"}],"wp:featuredmedia":[{"embeddable":true,"href":"https:\/\/shop.wendorff.dk\/index.php\/wp-json\/wp\/v2\/media\/6437"}],"wp:attachment":[{"href":"https:\/\/shop.wendorff.dk\/index.php\/wp-json\/wp\/v2\/media?parent=159"}],"wp:term":[{"taxonomy":"product_brand","embeddable":true,"href":"https:\/\/shop.wendorff.dk\/index.php\/wp-json\/wp\/v2\/product_brand?post=159"},{"taxonomy":"product_cat","embeddable":true,"href":"https:\/\/shop.wendorff.dk\/index.php\/wp-json\/wp\/v2\/product_cat?post=159"},{"taxonomy":"product_tag","embeddable":true,"href":"https:\/\/shop.wendorff.dk\/index.php\/wp-json\/wp\/v2\/product_tag?post=159"}],"curies":[{"name":"wp","href":"https:\/\/api.w.org\/{rel}","templated":true}]}}