{"id":167,"date":"2020-03-19T15:17:28","date_gmt":"2020-03-19T14:17:28","guid":{"rendered":"http:\/\/shop.wendorff.dk\/?post_type=product&#038;p=167"},"modified":"2026-03-20T09:48:24","modified_gmt":"2026-03-20T08:48:24","slug":"husets-broed","status":"publish","type":"product","link":"https:\/\/shop.wendorff.dk\/index.php\/vare\/husets-broed\/","title":{"rendered":"Husets br\u00f8d"},"content":{"rendered":"<p>HVEDEMEL, vand, RUGMEL, salt tilsat jod, maltekstrakt (BYG), g\u00e6r, HVEDEGLUTEN, emulgator: E472e, HVEDEMALTMEL, rapsolie, melbehandlingsmiddel: E300, \u00f8kologisk BYGMALT, BYGMALTMEL<\/p>\n<p>Energi 871 KJ<br \/>\nEnergi i Kcal 207 kcal<br \/>\nFedt 1,1 g<br \/>\n&#8211; heraf m\u00e6ttede fedt 0,2 g<br \/>\nKulhydrater 40 g<br \/>\n&#8211; heraf sukkerarter 0,9 g<br \/>\nProtein 7,2 g<br \/>\nSalt 1,8 g<br \/>\nKostfibre 3,8 g<br \/>\nVandindhold 46 g<\/p>\n","protected":false},"excerpt":{"rendered":"<p>HVEDEMEL, vand, RUGMEL, salt tilsat jod, maltekstrakt (BYG), g\u00e6r, HVEDEGLUTEN, emulgator: E472e, HVEDEMALTMEL, rapsolie, melbehandlingsmiddel: E300, \u00f8kologisk BYGMALT, BYGMALTMEL Energi 871 KJ Energi i Kcal 207 kcal Fedt 1,1 g &#8211; heraf m\u00e6ttede fedt 0,2 g Kulhydrater 40 g &#8211; heraf sukkerarter 0,9 g Protein 7,2 g Salt 1,8 g Kostfibre 3,8 g Vandindhold 46 [&hellip;]<\/p>\n","protected":false},"featured_media":168,"comment_status":"open","ping_status":"closed","template":"","meta":[],"product_brand":[],"product_cat":[22],"product_tag":[],"class_list":{"0":"post-167","1":"product","2":"type-product","3":"status-publish","4":"has-post-thumbnail","6":"product_cat-madbroed","8":"first","9":"instock","10":"purchasable","11":"product-type-simple"},"_links":{"self":[{"href":"https:\/\/shop.wendorff.dk\/index.php\/wp-json\/wp\/v2\/product\/167","targetHints":{"allow":["GET"]}}],"collection":[{"href":"https:\/\/shop.wendorff.dk\/index.php\/wp-json\/wp\/v2\/product"}],"about":[{"href":"https:\/\/shop.wendorff.dk\/index.php\/wp-json\/wp\/v2\/types\/product"}],"replies":[{"embeddable":true,"href":"https:\/\/shop.wendorff.dk\/index.php\/wp-json\/wp\/v2\/comments?post=167"}],"wp:featuredmedia":[{"embeddable":true,"href":"https:\/\/shop.wendorff.dk\/index.php\/wp-json\/wp\/v2\/media\/168"}],"wp:attachment":[{"href":"https:\/\/shop.wendorff.dk\/index.php\/wp-json\/wp\/v2\/media?parent=167"}],"wp:term":[{"taxonomy":"product_brand","embeddable":true,"href":"https:\/\/shop.wendorff.dk\/index.php\/wp-json\/wp\/v2\/product_brand?post=167"},{"taxonomy":"product_cat","embeddable":true,"href":"https:\/\/shop.wendorff.dk\/index.php\/wp-json\/wp\/v2\/product_cat?post=167"},{"taxonomy":"product_tag","embeddable":true,"href":"https:\/\/shop.wendorff.dk\/index.php\/wp-json\/wp\/v2\/product_tag?post=167"}],"curies":[{"name":"wp","href":"https:\/\/api.w.org\/{rel}","templated":true}]}}