{"id":178,"date":"2020-03-19T15:43:40","date_gmt":"2020-03-19T14:43:40","guid":{"rendered":"http:\/\/shop.wendorff.dk\/?post_type=product&#038;p=178"},"modified":"2026-03-20T09:48:08","modified_gmt":"2026-03-20T08:48:08","slug":"oldemor-franskbroed","status":"publish","type":"product","link":"https:\/\/shop.wendorff.dk\/index.php\/vare\/oldemor-franskbroed\/","title":{"rendered":"Oldemor franskbr\u00f8d"},"content":{"rendered":"<p>HVEDEMEL, LETM\u00c6LK, g\u00e6r, sukker, salt tilsat jod, rapsolie, HVEDEMALTMEL, salt, melbehandlingsmiddel: E300, naturlig aroma, vitamin A<\/p>\n<p>Energi 1238 KJ<br \/>\nEnergi i Kcal 295 kcal<br \/>\nFedt 5,0 g<br \/>\n&#8211; heraf m\u00e6ttede fedt 2,0 g<br \/>\nKulhydrater 51 g<br \/>\n&#8211; heraf sukkerarter 2,0 g<br \/>\nProtein 10,0 g<br \/>\nSalt 1,3 g<br \/>\nKostfibre 2,6 g<br \/>\nVandindhold 29 g<\/p>\n","protected":false},"excerpt":{"rendered":"<p>HVEDEMEL, LETM\u00c6LK, g\u00e6r, sukker, salt tilsat jod, rapsolie, HVEDEMALTMEL, salt, melbehandlingsmiddel: E300, naturlig aroma, vitamin A Energi 1238 KJ Energi i Kcal 295 kcal Fedt 5,0 g &#8211; heraf m\u00e6ttede fedt 2,0 g Kulhydrater 51 g &#8211; heraf sukkerarter 2,0 g Protein 10,0 g Salt 1,3 g Kostfibre 2,6 g Vandindhold 29 g<\/p>\n","protected":false},"featured_media":179,"comment_status":"open","ping_status":"closed","template":"","meta":[],"product_brand":[],"product_cat":[22],"product_tag":[],"class_list":{"0":"post-178","1":"product","2":"type-product","3":"status-publish","4":"has-post-thumbnail","6":"product_cat-madbroed","8":"first","9":"instock","10":"purchasable","11":"product-type-simple"},"_links":{"self":[{"href":"https:\/\/shop.wendorff.dk\/index.php\/wp-json\/wp\/v2\/product\/178","targetHints":{"allow":["GET"]}}],"collection":[{"href":"https:\/\/shop.wendorff.dk\/index.php\/wp-json\/wp\/v2\/product"}],"about":[{"href":"https:\/\/shop.wendorff.dk\/index.php\/wp-json\/wp\/v2\/types\/product"}],"replies":[{"embeddable":true,"href":"https:\/\/shop.wendorff.dk\/index.php\/wp-json\/wp\/v2\/comments?post=178"}],"wp:featuredmedia":[{"embeddable":true,"href":"https:\/\/shop.wendorff.dk\/index.php\/wp-json\/wp\/v2\/media\/179"}],"wp:attachment":[{"href":"https:\/\/shop.wendorff.dk\/index.php\/wp-json\/wp\/v2\/media?parent=178"}],"wp:term":[{"taxonomy":"product_brand","embeddable":true,"href":"https:\/\/shop.wendorff.dk\/index.php\/wp-json\/wp\/v2\/product_brand?post=178"},{"taxonomy":"product_cat","embeddable":true,"href":"https:\/\/shop.wendorff.dk\/index.php\/wp-json\/wp\/v2\/product_cat?post=178"},{"taxonomy":"product_tag","embeddable":true,"href":"https:\/\/shop.wendorff.dk\/index.php\/wp-json\/wp\/v2\/product_tag?post=178"}],"curies":[{"name":"wp","href":"https:\/\/api.w.org\/{rel}","templated":true}]}}