{"id":191,"date":"2020-03-19T15:59:18","date_gmt":"2020-03-19T14:59:18","guid":{"rendered":"http:\/\/shop.wendorff.dk\/?post_type=product&#038;p=191"},"modified":"2026-03-26T13:15:23","modified_gmt":"2026-03-26T12:15:23","slug":"kokostoppe","status":"publish","type":"product","link":"https:\/\/shop.wendorff.dk\/index.php\/vare\/kokostoppe\/","title":{"rendered":"Kokostoppe"},"content":{"rendered":"<p>Kokosmel, \u00f8kologisk r\u00f8rsukker, \u00f8kologisk \u00c6G (22,2%), kakaomasse, sukker, surhedsregulerende middel: E270, fedtfattigt kakaopulver, vand, modificeret stivelse (kartoffel): E1414, emulgator: (E322 (SOJA), E472a, E471), naturlig Vaniljearoma, helt h\u00e6rdet kokosfedt, VALLEPULVER (M\u00c6LK), SKUMMETM\u00c6LKSPULVER, glukosesirup, helt h\u00e6rdet palmekerneolie , M\u00c6LKEPROTEIN, stabilisator: E407, salt, aroma, vaniljepulver, farvestof: E160a<\/p>\n<p>Energi 1840 KJ<br \/>\nEnergi i Kcal 444 kcal<br \/>\nFedt 27 g<br \/>\n&#8211; heraf m\u00e6ttede fedt 23 g<br \/>\nKulhydrater 41 g<br \/>\n&#8211; heraf sukkerarter 40 g<br \/>\nProtein 5,6 g<br \/>\nSalt 0,12 g<br \/>\nKostfibre 6,6 g<br \/>\nVandindhold 19 g<\/p>\n","protected":false},"excerpt":{"rendered":"<p>Kokosmel, \u00f8kologisk r\u00f8rsukker, \u00f8kologisk \u00c6G (22,2%), kakaomasse, sukker, surhedsregulerende middel: E270, fedtfattigt kakaopulver, vand, modificeret stivelse (kartoffel): E1414, emulgator: (E322 (SOJA), E472a, E471), naturlig Vaniljearoma, helt h\u00e6rdet kokosfedt, VALLEPULVER (M\u00c6LK), SKUMMETM\u00c6LKSPULVER, glukosesirup, helt h\u00e6rdet palmekerneolie , M\u00c6LKEPROTEIN, stabilisator: E407, salt, aroma, vaniljepulver, farvestof: E160a Energi 1840 KJ Energi i Kcal 444 kcal Fedt 27 g [&hellip;]<\/p>\n","protected":false},"featured_media":6495,"comment_status":"open","ping_status":"closed","template":"","meta":[],"product_brand":[],"product_cat":[27,21],"product_tag":[],"class_list":{"0":"post-191","1":"product","2":"type-product","3":"status-publish","4":"has-post-thumbnail","6":"product_cat-udenmel","7":"product_cat-wienerbroed","9":"first","10":"instock","11":"purchasable","12":"product-type-simple"},"_links":{"self":[{"href":"https:\/\/shop.wendorff.dk\/index.php\/wp-json\/wp\/v2\/product\/191","targetHints":{"allow":["GET"]}}],"collection":[{"href":"https:\/\/shop.wendorff.dk\/index.php\/wp-json\/wp\/v2\/product"}],"about":[{"href":"https:\/\/shop.wendorff.dk\/index.php\/wp-json\/wp\/v2\/types\/product"}],"replies":[{"embeddable":true,"href":"https:\/\/shop.wendorff.dk\/index.php\/wp-json\/wp\/v2\/comments?post=191"}],"wp:featuredmedia":[{"embeddable":true,"href":"https:\/\/shop.wendorff.dk\/index.php\/wp-json\/wp\/v2\/media\/6495"}],"wp:attachment":[{"href":"https:\/\/shop.wendorff.dk\/index.php\/wp-json\/wp\/v2\/media?parent=191"}],"wp:term":[{"taxonomy":"product_brand","embeddable":true,"href":"https:\/\/shop.wendorff.dk\/index.php\/wp-json\/wp\/v2\/product_brand?post=191"},{"taxonomy":"product_cat","embeddable":true,"href":"https:\/\/shop.wendorff.dk\/index.php\/wp-json\/wp\/v2\/product_cat?post=191"},{"taxonomy":"product_tag","embeddable":true,"href":"https:\/\/shop.wendorff.dk\/index.php\/wp-json\/wp\/v2\/product_tag?post=191"}],"curies":[{"name":"wp","href":"https:\/\/api.w.org\/{rel}","templated":true}]}}