{"id":199,"date":"2020-03-19T16:06:23","date_gmt":"2020-03-19T15:06:23","guid":{"rendered":"http:\/\/shop.wendorff.dk\/?post_type=product&#038;p=199"},"modified":"2025-08-26T09:18:20","modified_gmt":"2025-08-26T07:18:20","slug":"borgmesterstang","status":"publish","type":"product","link":"https:\/\/shop.wendorff.dk\/index.php\/vare\/borgmesterstang\/","title":{"rendered":"Borgmesterstang"},"content":{"rendered":"<p>Sukker, abrikoskerner, vand, rapsolie, HVEDEMEL, \u00f8kologisk \u00c6G (1,3%), sirup af invertsukker , glukosesirup, g\u00e6r, salt, majsstivelse, MANDLER, \u00c6GGEHVIDEPULVER, stivelse (kartoffel), HVEDEGLUTEN, surhedsregulerende middel: (E330, E270), konserveringsmiddel: E202, emulgator: E472e, HVEDEMALTMEL, naturlig aroma, melbehandlingsmiddel: E300, vitamin A , aroma<\/p>\n<p>Energi 2053 KJ<br \/>\nEnergi i Kcal 489 kcal<br \/>\nFedt 31 g<br \/>\n&#8211; heraf m\u00e6ttede fedt 7,9 g<br \/>\nKulhydrater 48 g<br \/>\n&#8211; heraf sukkerarter 43 g<br \/>\nProtein 4,3 g<br \/>\nSalt 0,30 g<br \/>\nKostfibre 1,3 g<br \/>\nVandindhold 15 g<\/p>\n","protected":false},"excerpt":{"rendered":"<ol>\n<li><\/li>\n<\/ol>\n","protected":false},"featured_media":6060,"comment_status":"open","ping_status":"closed","template":"","meta":[],"product_brand":[],"product_cat":[21],"product_tag":[],"class_list":{"0":"post-199","1":"product","2":"type-product","3":"status-publish","4":"has-post-thumbnail","6":"product_cat-wienerbroed","8":"first","9":"instock","10":"purchasable","11":"product-type-simple"},"_links":{"self":[{"href":"https:\/\/shop.wendorff.dk\/index.php\/wp-json\/wp\/v2\/product\/199","targetHints":{"allow":["GET"]}}],"collection":[{"href":"https:\/\/shop.wendorff.dk\/index.php\/wp-json\/wp\/v2\/product"}],"about":[{"href":"https:\/\/shop.wendorff.dk\/index.php\/wp-json\/wp\/v2\/types\/product"}],"replies":[{"embeddable":true,"href":"https:\/\/shop.wendorff.dk\/index.php\/wp-json\/wp\/v2\/comments?post=199"}],"wp:featuredmedia":[{"embeddable":true,"href":"https:\/\/shop.wendorff.dk\/index.php\/wp-json\/wp\/v2\/media\/6060"}],"wp:attachment":[{"href":"https:\/\/shop.wendorff.dk\/index.php\/wp-json\/wp\/v2\/media?parent=199"}],"wp:term":[{"taxonomy":"product_brand","embeddable":true,"href":"https:\/\/shop.wendorff.dk\/index.php\/wp-json\/wp\/v2\/product_brand?post=199"},{"taxonomy":"product_cat","embeddable":true,"href":"https:\/\/shop.wendorff.dk\/index.php\/wp-json\/wp\/v2\/product_cat?post=199"},{"taxonomy":"product_tag","embeddable":true,"href":"https:\/\/shop.wendorff.dk\/index.php\/wp-json\/wp\/v2\/product_tag?post=199"}],"curies":[{"name":"wp","href":"https:\/\/api.w.org\/{rel}","templated":true}]}}