{"id":201,"date":"2020-03-19T16:07:01","date_gmt":"2020-03-19T15:07:01","guid":{"rendered":"http:\/\/shop.wendorff.dk\/?post_type=product&#038;p=201"},"modified":"2026-03-20T09:47:26","modified_gmt":"2026-03-20T08:47:26","slug":"kanelstang","status":"publish","type":"product","link":"https:\/\/shop.wendorff.dk\/index.php\/vare\/kanelstang\/","title":{"rendered":"Kanelstang"},"content":{"rendered":"<p>Produktet er det \u00f8verste p\u00e5 billedet.<\/p>\n<p>HVEDEMEL, sukker, palmeolie, \u00f8kologisk \u00c6G (5,2%), g\u00e6r, rapsolie, vand, abrikoskerner, salt, LETM\u00c6LK, HVEDEGLUTEN, emulgator: (E472e, E472a, E471), kanel, sirup af invertsukker , glukosesirup, HVEDEMALTMEL, surhedsregulerende middel: (E270, E330, E263), majsstivelse, modificeret stivelse (kartoffel): E1414, melbehandlingsmiddel: E300, t\u00f8rret Glukosesirup, helt h\u00e6rdet kokosolie, \u00c6GGEHVIDEPULVER, dextrose, stivelse (kartoffel), VALLEPULVER (M\u00c6LK), helt h\u00e6rdet palmekerneolie , M\u00c6LKEPROTEIN, konserveringsmiddel: E202, aroma, vitamin A , geleringsmiddel: E401, HVEDESTIVELSE, vaniljepulver, konsistensmiddel: E516, naturlig aroma, stabilisator: E450, farvestof: E160a, naturlig Vaniljearoma<\/p>\n<p>Energi 1568 KJ<br \/>\nEnergi i Kcal 373 kcal<br \/>\nFedt 13 g<br \/>\n&#8211; heraf m\u00e6ttede fedt 4,6 g<br \/>\nKulhydrater 54 g<br \/>\n&#8211; heraf sukkerarter 9,5 g<br \/>\nProtein 9,3 g<br \/>\nSalt 0,67 g<br \/>\nKostfibre 2,7 g<br \/>\nVandindhold 20 g<\/p>\n","protected":false},"excerpt":{"rendered":"<p>Produktet er det \u00f8verste p\u00e5 billedet. HVEDEMEL, sukker, palmeolie, \u00f8kologisk \u00c6G (5,2%), g\u00e6r, rapsolie, vand, abrikoskerner, salt, LETM\u00c6LK, HVEDEGLUTEN, emulgator: (E472e, E472a, E471), kanel, sirup af invertsukker , glukosesirup, HVEDEMALTMEL, surhedsregulerende middel: (E270, E330, E263), majsstivelse, modificeret stivelse (kartoffel): E1414, melbehandlingsmiddel: E300, t\u00f8rret Glukosesirup, helt h\u00e6rdet kokosolie, \u00c6GGEHVIDEPULVER, dextrose, stivelse (kartoffel), VALLEPULVER (M\u00c6LK), helt h\u00e6rdet [&hellip;]<\/p>\n","protected":false},"featured_media":200,"comment_status":"open","ping_status":"closed","template":"","meta":[],"product_brand":[],"product_cat":[21],"product_tag":[],"class_list":{"0":"post-201","1":"product","2":"type-product","3":"status-publish","4":"has-post-thumbnail","6":"product_cat-wienerbroed","8":"first","9":"instock","10":"purchasable","11":"product-type-simple"},"_links":{"self":[{"href":"https:\/\/shop.wendorff.dk\/index.php\/wp-json\/wp\/v2\/product\/201","targetHints":{"allow":["GET"]}}],"collection":[{"href":"https:\/\/shop.wendorff.dk\/index.php\/wp-json\/wp\/v2\/product"}],"about":[{"href":"https:\/\/shop.wendorff.dk\/index.php\/wp-json\/wp\/v2\/types\/product"}],"replies":[{"embeddable":true,"href":"https:\/\/shop.wendorff.dk\/index.php\/wp-json\/wp\/v2\/comments?post=201"}],"wp:featuredmedia":[{"embeddable":true,"href":"https:\/\/shop.wendorff.dk\/index.php\/wp-json\/wp\/v2\/media\/200"}],"wp:attachment":[{"href":"https:\/\/shop.wendorff.dk\/index.php\/wp-json\/wp\/v2\/media?parent=201"}],"wp:term":[{"taxonomy":"product_brand","embeddable":true,"href":"https:\/\/shop.wendorff.dk\/index.php\/wp-json\/wp\/v2\/product_brand?post=201"},{"taxonomy":"product_cat","embeddable":true,"href":"https:\/\/shop.wendorff.dk\/index.php\/wp-json\/wp\/v2\/product_cat?post=201"},{"taxonomy":"product_tag","embeddable":true,"href":"https:\/\/shop.wendorff.dk\/index.php\/wp-json\/wp\/v2\/product_tag?post=201"}],"curies":[{"name":"wp","href":"https:\/\/api.w.org\/{rel}","templated":true}]}}