{"id":216,"date":"2020-03-19T16:23:44","date_gmt":"2020-03-19T15:23:44","guid":{"rendered":"http:\/\/shop.wendorff.dk\/?post_type=product&#038;p=216"},"modified":"2026-03-26T13:13:14","modified_gmt":"2026-03-26T12:13:14","slug":"traestamme","status":"publish","type":"product","link":"https:\/\/shop.wendorff.dk\/index.php\/vare\/traestamme\/","title":{"rendered":"Tr\u00e6stamme"},"content":{"rendered":"<p>HVEDEMEL, vand, sukker, \u00f8kologisk \u00c6G (7,6%), kakaob\u00f8nner, abrikoskerner, MANDLER (4,0%), g\u00e6r, \u00f8kologisk fedtfattigt kakaopulver, glukosesirup, kakaosm\u00f8r, palmeolie, HVEDEGLUTEN, salt, rapsolie, emulgator: (E472e, E322), ethylalkohol, surhedsregulerende middel: (E270, E501), HVEDEMALTMEL, karamel sukkersirup, aromastoffer, aromapr\u00e6parater, naturlig aromastoffer, melbehandlingsmiddel: E300, naturlig vaniljeekstrakt , aroma, vitamin A<\/p>\n<p>Energi 1241 KJ<br \/>\nEnergi i Kcal 296 kcal<br \/>\nFedt 9,3 g<br \/>\n&#8211; heraf m\u00e6ttede fedt 2,7 g<br \/>\nKulhydrater 42 g<br \/>\n&#8211; heraf sukkerarter 14 g<br \/>\nProtein 8,8 g<br \/>\nSalt 0,20 g<br \/>\nKostfibre 3,8 g<br \/>\nVandindhold 34 g<\/p>\n","protected":false},"excerpt":{"rendered":"<p>HVEDEMEL, vand, sukker, \u00f8kologisk \u00c6G (7,6%), kakaob\u00f8nner, abrikoskerner, MANDLER (4,0%), g\u00e6r, \u00f8kologisk fedtfattigt kakaopulver, glukosesirup, kakaosm\u00f8r, palmeolie, HVEDEGLUTEN, salt, rapsolie, emulgator: (E472e, E322), ethylalkohol, surhedsregulerende middel: (E270, E501), HVEDEMALTMEL, karamel sukkersirup, aromastoffer, aromapr\u00e6parater, naturlig aromastoffer, melbehandlingsmiddel: E300, naturlig vaniljeekstrakt , aroma, vitamin A Energi 1241 KJ Energi i Kcal 296 kcal Fedt 9,3 g &#8211; [&hellip;]<\/p>\n","protected":false},"featured_media":6290,"comment_status":"open","ping_status":"closed","template":"","meta":[],"product_brand":[],"product_cat":[20],"product_tag":[],"class_list":{"0":"post-216","1":"product","2":"type-product","3":"status-publish","4":"has-post-thumbnail","6":"product_cat-konditor","8":"first","9":"instock","10":"purchasable","11":"product-type-simple"},"_links":{"self":[{"href":"https:\/\/shop.wendorff.dk\/index.php\/wp-json\/wp\/v2\/product\/216","targetHints":{"allow":["GET"]}}],"collection":[{"href":"https:\/\/shop.wendorff.dk\/index.php\/wp-json\/wp\/v2\/product"}],"about":[{"href":"https:\/\/shop.wendorff.dk\/index.php\/wp-json\/wp\/v2\/types\/product"}],"replies":[{"embeddable":true,"href":"https:\/\/shop.wendorff.dk\/index.php\/wp-json\/wp\/v2\/comments?post=216"}],"wp:featuredmedia":[{"embeddable":true,"href":"https:\/\/shop.wendorff.dk\/index.php\/wp-json\/wp\/v2\/media\/6290"}],"wp:attachment":[{"href":"https:\/\/shop.wendorff.dk\/index.php\/wp-json\/wp\/v2\/media?parent=216"}],"wp:term":[{"taxonomy":"product_brand","embeddable":true,"href":"https:\/\/shop.wendorff.dk\/index.php\/wp-json\/wp\/v2\/product_brand?post=216"},{"taxonomy":"product_cat","embeddable":true,"href":"https:\/\/shop.wendorff.dk\/index.php\/wp-json\/wp\/v2\/product_cat?post=216"},{"taxonomy":"product_tag","embeddable":true,"href":"https:\/\/shop.wendorff.dk\/index.php\/wp-json\/wp\/v2\/product_tag?post=216"}],"curies":[{"name":"wp","href":"https:\/\/api.w.org\/{rel}","templated":true}]}}