{"id":220,"date":"2020-03-19T16:33:12","date_gmt":"2020-03-19T15:33:12","guid":{"rendered":"http:\/\/shop.wendorff.dk\/?post_type=product&#038;p=220"},"modified":"2026-03-20T09:47:01","modified_gmt":"2026-03-20T08:47:01","slug":"chokoladebolle","status":"publish","type":"product","link":"https:\/\/shop.wendorff.dk\/index.php\/vare\/chokoladebolle\/","title":{"rendered":"Chokoladebolle"},"content":{"rendered":"<p>HVEDEMEL, S\u00d8DM\u00c6LK, sukker, kakaob\u00f8nner, palmeolie, g\u00e6r, rapsolie, salt tilsat jod, vand, kakaosm\u00f8r, HVEDEMALTMEL, salt, emulgator: E322, melbehandlingsmiddel: E300, naturlig vaniljeekstrakt , naturlig aroma, vitamin A<\/p>\n<p>Energi 1074 KJ<br \/>\nEnergi i Kcal 256 kcal<br \/>\nFedt 5,9 g<br \/>\n&#8211; heraf m\u00e6ttede fedt 2,5 g<br \/>\nKulhydrater 41 g<br \/>\n&#8211; heraf sukkerarter 4,5 g<br \/>\nProtein 8,1 g<br \/>\nSalt 1,0 g<br \/>\nKostfibre 2,4 g<br \/>\nVandindhold 41 g<\/p>\n","protected":false},"excerpt":{"rendered":"<p>HVEDEMEL, S\u00d8DM\u00c6LK, sukker, kakaob\u00f8nner, palmeolie, g\u00e6r, rapsolie, salt tilsat jod, vand, kakaosm\u00f8r, HVEDEMALTMEL, salt, emulgator: E322, melbehandlingsmiddel: E300, naturlig vaniljeekstrakt , naturlig aroma, vitamin A Energi 1074 KJ Energi i Kcal 256 kcal Fedt 5,9 g &#8211; heraf m\u00e6ttede fedt 2,5 g Kulhydrater 41 g &#8211; heraf sukkerarter 4,5 g Protein 8,1 g Salt 1,0 [&hellip;]<\/p>\n","protected":false},"featured_media":6435,"comment_status":"open","ping_status":"closed","template":"","meta":[],"product_brand":[],"product_cat":[19],"product_tag":[],"class_list":{"0":"post-220","1":"product","2":"type-product","3":"status-publish","4":"has-post-thumbnail","6":"product_cat-rundstykker","8":"first","9":"instock","10":"purchasable","11":"product-type-simple"},"_links":{"self":[{"href":"https:\/\/shop.wendorff.dk\/index.php\/wp-json\/wp\/v2\/product\/220","targetHints":{"allow":["GET"]}}],"collection":[{"href":"https:\/\/shop.wendorff.dk\/index.php\/wp-json\/wp\/v2\/product"}],"about":[{"href":"https:\/\/shop.wendorff.dk\/index.php\/wp-json\/wp\/v2\/types\/product"}],"replies":[{"embeddable":true,"href":"https:\/\/shop.wendorff.dk\/index.php\/wp-json\/wp\/v2\/comments?post=220"}],"wp:featuredmedia":[{"embeddable":true,"href":"https:\/\/shop.wendorff.dk\/index.php\/wp-json\/wp\/v2\/media\/6435"}],"wp:attachment":[{"href":"https:\/\/shop.wendorff.dk\/index.php\/wp-json\/wp\/v2\/media?parent=220"}],"wp:term":[{"taxonomy":"product_brand","embeddable":true,"href":"https:\/\/shop.wendorff.dk\/index.php\/wp-json\/wp\/v2\/product_brand?post=220"},{"taxonomy":"product_cat","embeddable":true,"href":"https:\/\/shop.wendorff.dk\/index.php\/wp-json\/wp\/v2\/product_cat?post=220"},{"taxonomy":"product_tag","embeddable":true,"href":"https:\/\/shop.wendorff.dk\/index.php\/wp-json\/wp\/v2\/product_tag?post=220"}],"curies":[{"name":"wp","href":"https:\/\/api.w.org\/{rel}","templated":true}]}}