{"id":231,"date":"2020-03-20T16:16:35","date_gmt":"2020-03-20T15:16:35","guid":{"rendered":"http:\/\/shop.wendorff.dk\/?post_type=product&#038;p=231"},"modified":"2026-03-20T09:46:49","modified_gmt":"2026-03-20T08:46:49","slug":"spanske-stykker","status":"publish","type":"product","link":"https:\/\/shop.wendorff.dk\/index.php\/vare\/spanske-stykker\/","title":{"rendered":"Spanske stykker"},"content":{"rendered":"<p>Fransk hvedemel (HVEDEMEL, HVEDEGLUTEN, melbehandlingsmiddel: E300, enzymer (HVEDE)), vand, HVEDEMEL, halvsigtet RUGMEL, g\u00e6r, salt tilsat jod, HVEDEGLUTEN, \u00f8kologisk maltekstrakt (\u00f8kologisk BYGMALT, vand), rapsolie, emulgator: E472e, HVEDEMALTMEL, melbehandlingsmiddel: E300, BYGMALTMEL<\/p>\n<p>Energi 912 KJ<br \/>\nEnergi i Kcal 218 kcal<br \/>\nFedt 1,0 g<br \/>\n&#8211; heraf m\u00e6ttede fedt 0,2 g<br \/>\nKulhydrater 43 g<br \/>\n&#8211; heraf sukkerarter 1,4 g<br \/>\nProtein 7,1 g<br \/>\nSalt 1,2 g<br \/>\nKostfibre 2,7 g<br \/>\nVandindhold 37 g<\/p>\n","protected":false},"excerpt":{"rendered":"<p>Fransk hvedemel (HVEDEMEL, HVEDEGLUTEN, melbehandlingsmiddel: E300, enzymer (HVEDE)), vand, HVEDEMEL, halvsigtet RUGMEL, g\u00e6r, salt tilsat jod, HVEDEGLUTEN, \u00f8kologisk maltekstrakt (\u00f8kologisk BYGMALT, vand), rapsolie, emulgator: E472e, HVEDEMALTMEL, melbehandlingsmiddel: E300, BYGMALTMEL Energi 912 KJ Energi i Kcal 218 kcal Fedt 1,0 g &#8211; heraf m\u00e6ttede fedt 0,2 g Kulhydrater 43 g &#8211; heraf sukkerarter 1,4 g Protein [&hellip;]<\/p>\n","protected":false},"featured_media":6433,"comment_status":"open","ping_status":"closed","template":"","meta":[],"product_brand":[],"product_cat":[19],"product_tag":[],"class_list":{"0":"post-231","1":"product","2":"type-product","3":"status-publish","4":"has-post-thumbnail","6":"product_cat-rundstykker","8":"first","9":"instock","10":"purchasable","11":"product-type-simple"},"_links":{"self":[{"href":"https:\/\/shop.wendorff.dk\/index.php\/wp-json\/wp\/v2\/product\/231","targetHints":{"allow":["GET"]}}],"collection":[{"href":"https:\/\/shop.wendorff.dk\/index.php\/wp-json\/wp\/v2\/product"}],"about":[{"href":"https:\/\/shop.wendorff.dk\/index.php\/wp-json\/wp\/v2\/types\/product"}],"replies":[{"embeddable":true,"href":"https:\/\/shop.wendorff.dk\/index.php\/wp-json\/wp\/v2\/comments?post=231"}],"wp:featuredmedia":[{"embeddable":true,"href":"https:\/\/shop.wendorff.dk\/index.php\/wp-json\/wp\/v2\/media\/6433"}],"wp:attachment":[{"href":"https:\/\/shop.wendorff.dk\/index.php\/wp-json\/wp\/v2\/media?parent=231"}],"wp:term":[{"taxonomy":"product_brand","embeddable":true,"href":"https:\/\/shop.wendorff.dk\/index.php\/wp-json\/wp\/v2\/product_brand?post=231"},{"taxonomy":"product_cat","embeddable":true,"href":"https:\/\/shop.wendorff.dk\/index.php\/wp-json\/wp\/v2\/product_cat?post=231"},{"taxonomy":"product_tag","embeddable":true,"href":"https:\/\/shop.wendorff.dk\/index.php\/wp-json\/wp\/v2\/product_tag?post=231"}],"curies":[{"name":"wp","href":"https:\/\/api.w.org\/{rel}","templated":true}]}}