{"id":237,"date":"2020-03-20T16:19:12","date_gmt":"2020-03-20T15:19:12","guid":{"rendered":"http:\/\/shop.wendorff.dk\/?post_type=product&#038;p=237"},"modified":"2026-03-20T09:46:25","modified_gmt":"2026-03-20T08:46:25","slug":"speltbolle","status":"publish","type":"product","link":"https:\/\/shop.wendorff.dk\/index.php\/vare\/speltbolle\/","title":{"rendered":"Spelt-Valn\u00f8dde bolle"},"content":{"rendered":"<p>SPELTMEL (HVEDE) (36,1%), vand, VALN\u00d8DDER, solsikkekerner, sukker, HVEDEMEL, palmeolie, rapsolie, g\u00e6r, salt tilsat jod, HVEDEGLUTEN, maltekstrakt (vand, BYGMALT, ristet BYGMALT), emulgator: E472e, HVEDEMALTMEL, salt, melbehandlingsmiddel: E300, naturlig aroma, vitamin A<\/p>\n<p>Energi 1296 KJ<br \/>\nEnergi i Kcal 309 kcal<br \/>\nFedt 17 g<br \/>\n&#8211; heraf m\u00e6ttede fedt 2,7 g<br \/>\nKulhydrater 32 g<br \/>\n&#8211; heraf sukkerarter 3,2 g<br \/>\nProtein 8,6 g<br \/>\nSalt 0,57 g<br \/>\nKostfibre 2,1 g<br \/>\nVandindhold 36 g<\/p>\n","protected":false},"excerpt":{"rendered":"<p>SPELTMEL (HVEDE) (36,1%), vand, VALN\u00d8DDER, solsikkekerner, sukker, HVEDEMEL, palmeolie, rapsolie, g\u00e6r, salt tilsat jod, HVEDEGLUTEN, maltekstrakt (vand, BYGMALT, ristet BYGMALT), emulgator: E472e, HVEDEMALTMEL, salt, melbehandlingsmiddel: E300, naturlig aroma, vitamin A Energi 1296 KJ Energi i Kcal 309 kcal Fedt 17 g &#8211; heraf m\u00e6ttede fedt 2,7 g Kulhydrater 32 g &#8211; heraf sukkerarter 3,2 g [&hellip;]<\/p>\n","protected":false},"featured_media":6288,"comment_status":"open","ping_status":"closed","template":"","meta":[],"product_brand":[],"product_cat":[19],"product_tag":[],"class_list":{"0":"post-237","1":"product","2":"type-product","3":"status-publish","4":"has-post-thumbnail","6":"product_cat-rundstykker","8":"first","9":"instock","10":"purchasable","11":"product-type-simple"},"_links":{"self":[{"href":"https:\/\/shop.wendorff.dk\/index.php\/wp-json\/wp\/v2\/product\/237","targetHints":{"allow":["GET"]}}],"collection":[{"href":"https:\/\/shop.wendorff.dk\/index.php\/wp-json\/wp\/v2\/product"}],"about":[{"href":"https:\/\/shop.wendorff.dk\/index.php\/wp-json\/wp\/v2\/types\/product"}],"replies":[{"embeddable":true,"href":"https:\/\/shop.wendorff.dk\/index.php\/wp-json\/wp\/v2\/comments?post=237"}],"wp:featuredmedia":[{"embeddable":true,"href":"https:\/\/shop.wendorff.dk\/index.php\/wp-json\/wp\/v2\/media\/6288"}],"wp:attachment":[{"href":"https:\/\/shop.wendorff.dk\/index.php\/wp-json\/wp\/v2\/media?parent=237"}],"wp:term":[{"taxonomy":"product_brand","embeddable":true,"href":"https:\/\/shop.wendorff.dk\/index.php\/wp-json\/wp\/v2\/product_brand?post=237"},{"taxonomy":"product_cat","embeddable":true,"href":"https:\/\/shop.wendorff.dk\/index.php\/wp-json\/wp\/v2\/product_cat?post=237"},{"taxonomy":"product_tag","embeddable":true,"href":"https:\/\/shop.wendorff.dk\/index.php\/wp-json\/wp\/v2\/product_tag?post=237"}],"curies":[{"name":"wp","href":"https:\/\/api.w.org\/{rel}","templated":true}]}}