{"id":245,"date":"2020-03-20T16:25:14","date_gmt":"2020-03-20T15:25:14","guid":{"rendered":"http:\/\/shop.wendorff.dk\/?post_type=product&#038;p=245"},"modified":"2026-03-20T09:46:14","modified_gmt":"2026-03-20T08:46:14","slug":"italiensk-flute","status":"publish","type":"product","link":"https:\/\/shop.wendorff.dk\/index.php\/vare\/italiensk-flute\/","title":{"rendered":"Italiensk flute"},"content":{"rendered":"<p>HVEDEMEL, vand, g\u00e6r, \u00f8kologisk durum HVEDEMEL (2,8%), HAVREKLID, salt tilsat jod, \u00f8kologisk maltekstrakt (\u00f8kologisk BYGMALT, vand), HVEDEGLUTEN, HVEDEMALTMEL, melbehandlingsmiddel: E300<\/p>\n<p>Energi 897 KJ<br \/>\nEnergi i Kcal 214 kcal<br \/>\nFedt 1,0 g<br \/>\n&#8211; heraf m\u00e6ttede fedt 0,2 g<br \/>\nKulhydrater 42 g<br \/>\n&#8211; heraf sukkerarter &lt;0,5 g<br \/>\nProtein 7,7 g<br \/>\nSalt 0,23 g<br \/>\nKostfibre 2,5 g<br \/>\nVandindhold 46 g<\/p>\n","protected":false},"excerpt":{"rendered":"<p>HVEDEMEL, vand, g\u00e6r, \u00f8kologisk durum HVEDEMEL (2,8%), HAVREKLID, salt tilsat jod, \u00f8kologisk maltekstrakt (\u00f8kologisk BYGMALT, vand), HVEDEGLUTEN, HVEDEMALTMEL, melbehandlingsmiddel: E300 Energi 897 KJ Energi i Kcal 214 kcal Fedt 1,0 g &#8211; heraf m\u00e6ttede fedt 0,2 g Kulhydrater 42 g &#8211; heraf sukkerarter &lt;0,5 g Protein 7,7 g Salt 0,23 g Kostfibre 2,5 g Vandindhold [&hellip;]<\/p>\n","protected":false},"featured_media":5475,"comment_status":"open","ping_status":"closed","template":"","meta":[],"product_brand":[],"product_cat":[22],"product_tag":[],"class_list":{"0":"post-245","1":"product","2":"type-product","3":"status-publish","4":"has-post-thumbnail","6":"product_cat-madbroed","8":"first","9":"instock","10":"purchasable","11":"product-type-simple"},"_links":{"self":[{"href":"https:\/\/shop.wendorff.dk\/index.php\/wp-json\/wp\/v2\/product\/245","targetHints":{"allow":["GET"]}}],"collection":[{"href":"https:\/\/shop.wendorff.dk\/index.php\/wp-json\/wp\/v2\/product"}],"about":[{"href":"https:\/\/shop.wendorff.dk\/index.php\/wp-json\/wp\/v2\/types\/product"}],"replies":[{"embeddable":true,"href":"https:\/\/shop.wendorff.dk\/index.php\/wp-json\/wp\/v2\/comments?post=245"}],"wp:featuredmedia":[{"embeddable":true,"href":"https:\/\/shop.wendorff.dk\/index.php\/wp-json\/wp\/v2\/media\/5475"}],"wp:attachment":[{"href":"https:\/\/shop.wendorff.dk\/index.php\/wp-json\/wp\/v2\/media?parent=245"}],"wp:term":[{"taxonomy":"product_brand","embeddable":true,"href":"https:\/\/shop.wendorff.dk\/index.php\/wp-json\/wp\/v2\/product_brand?post=245"},{"taxonomy":"product_cat","embeddable":true,"href":"https:\/\/shop.wendorff.dk\/index.php\/wp-json\/wp\/v2\/product_cat?post=245"},{"taxonomy":"product_tag","embeddable":true,"href":"https:\/\/shop.wendorff.dk\/index.php\/wp-json\/wp\/v2\/product_tag?post=245"}],"curies":[{"name":"wp","href":"https:\/\/api.w.org\/{rel}","templated":true}]}}