{"id":251,"date":"2020-03-20T16:28:34","date_gmt":"2020-03-20T15:28:34","guid":{"rendered":"http:\/\/shop.wendorff.dk\/?post_type=product&#038;p=251"},"modified":"2025-08-25T14:33:26","modified_gmt":"2025-08-25T12:33:26","slug":"poelsehorn","status":"publish","type":"product","link":"https:\/\/shop.wendorff.dk\/index.php\/vare\/poelsehorn\/","title":{"rendered":"Bagerens Hotdog"},"content":{"rendered":"<p>Grahamsmel fra Egeskov M\u00f8lle*<br \/>\nhvedemel*<br \/>\nsigtemel*<br \/>\ndurum*<br \/>\nrapsolie fra Egeskov<br \/>\ng\u00e6r<br \/>\nsukker<br \/>\nsalt<br \/>\nP\u00f8lse fra N\u00f8rre S\u00f8by slagteren<br \/>\nSyltede r\u00f8dl\u00f8g<br \/>\nR\u00e5 l\u00f8g<br \/>\nRistede l\u00f8g<br \/>\nKetchup<br \/>\nRemoulade<br \/>\nSennep<\/p>\n","protected":false},"excerpt":{"rendered":"<p>Grahamsmel fra Egeskov M\u00f8lle* hvedemel* sigtemel* durum* rapsolie fra Egeskov g\u00e6r sukker salt P\u00f8lse fra N\u00f8rre S\u00f8by slagteren Syltede r\u00f8dl\u00f8g R\u00e5 l\u00f8g Ristede l\u00f8g Ketchup Remoulade Sennep<\/p>\n","protected":false},"featured_media":6429,"comment_status":"open","ping_status":"closed","template":"","meta":[],"product_brand":[],"product_cat":[19,22,25],"product_tag":[],"class_list":{"0":"post-251","1":"product","2":"type-product","3":"status-publish","4":"has-post-thumbnail","6":"product_cat-rundstykker","7":"product_cat-madbroed","8":"product_cat-sandwich","10":"first","11":"instock","12":"purchasable","13":"product-type-simple"},"_links":{"self":[{"href":"https:\/\/shop.wendorff.dk\/index.php\/wp-json\/wp\/v2\/product\/251","targetHints":{"allow":["GET"]}}],"collection":[{"href":"https:\/\/shop.wendorff.dk\/index.php\/wp-json\/wp\/v2\/product"}],"about":[{"href":"https:\/\/shop.wendorff.dk\/index.php\/wp-json\/wp\/v2\/types\/product"}],"replies":[{"embeddable":true,"href":"https:\/\/shop.wendorff.dk\/index.php\/wp-json\/wp\/v2\/comments?post=251"}],"wp:featuredmedia":[{"embeddable":true,"href":"https:\/\/shop.wendorff.dk\/index.php\/wp-json\/wp\/v2\/media\/6429"}],"wp:attachment":[{"href":"https:\/\/shop.wendorff.dk\/index.php\/wp-json\/wp\/v2\/media?parent=251"}],"wp:term":[{"taxonomy":"product_brand","embeddable":true,"href":"https:\/\/shop.wendorff.dk\/index.php\/wp-json\/wp\/v2\/product_brand?post=251"},{"taxonomy":"product_cat","embeddable":true,"href":"https:\/\/shop.wendorff.dk\/index.php\/wp-json\/wp\/v2\/product_cat?post=251"},{"taxonomy":"product_tag","embeddable":true,"href":"https:\/\/shop.wendorff.dk\/index.php\/wp-json\/wp\/v2\/product_tag?post=251"}],"curies":[{"name":"wp","href":"https:\/\/api.w.org\/{rel}","templated":true}]}}