{"id":254,"date":"2020-03-20T16:41:59","date_gmt":"2020-03-20T15:41:59","guid":{"rendered":"http:\/\/shop.wendorff.dk\/?post_type=product&#038;p=254"},"modified":"2026-03-20T09:45:46","modified_gmt":"2026-03-20T08:45:46","slug":"oekologisk-muslibolle","status":"publish","type":"product","link":"https:\/\/shop.wendorff.dk\/index.php\/vare\/oekologisk-muslibolle\/","title":{"rendered":"M\u00fcslibolle"},"content":{"rendered":"<p>HVEDEMEL, vand, HAVREGRYN, abrikos, traneb\u00e6r, gr\u00e6skarkerner,\u00a0 rosiner, chiafr\u00f8, h\u00f8rfr\u00f8, rapsolie, solsikkekerner, g\u00e6r, sukker, \u00f8kologisk honning, salt tilsat jod, \u00f8kologisk HVEDEMEL, HVEDEMALTMEL, \u00f8kologisk BYGMALTMEL, melbehandlingsmiddel: E300, \u00f8kologisk HVEDEGLUTEN, antioxidant: E220 (SVOVLDIOXID)<\/p>\n<p>Energi 1492 KJ<br \/>\nEnergi i Kcal 356 kcal<br \/>\nFedt 15 g<br \/>\n&#8211; heraf m\u00e6ttede fedt 1,5 g<br \/>\nKulhydrater 42 g<br \/>\n&#8211; heraf sukkerarter 32 g<br \/>\nProtein 9,8 g<br \/>\nSalt 1,1 g<br \/>\nKostfibre 10 g<br \/>\nVandindhold 23 g<\/p>\n","protected":false},"excerpt":{"rendered":"<p>HVEDEMEL, vand, HAVREGRYN, abrikos, traneb\u00e6r, gr\u00e6skarkerner,\u00a0 rosiner, chiafr\u00f8, h\u00f8rfr\u00f8, rapsolie, solsikkekerner, g\u00e6r, sukker, \u00f8kologisk honning, salt tilsat jod, \u00f8kologisk HVEDEMEL, HVEDEMALTMEL, \u00f8kologisk BYGMALTMEL, melbehandlingsmiddel: E300, \u00f8kologisk HVEDEGLUTEN, antioxidant: E220 (SVOVLDIOXID) Energi 1492 KJ Energi i Kcal 356 kcal Fedt 15 g &#8211; heraf m\u00e6ttede fedt 1,5 g Kulhydrater 42 g &#8211; heraf sukkerarter 32 g [&hellip;]<\/p>\n","protected":false},"featured_media":0,"comment_status":"open","ping_status":"closed","template":"","meta":[],"product_brand":[],"product_cat":[19],"product_tag":[],"class_list":{"0":"post-254","1":"product","2":"type-product","3":"status-publish","5":"product_cat-rundstykker","7":"first","8":"instock","9":"purchasable","10":"product-type-simple"},"_links":{"self":[{"href":"https:\/\/shop.wendorff.dk\/index.php\/wp-json\/wp\/v2\/product\/254","targetHints":{"allow":["GET"]}}],"collection":[{"href":"https:\/\/shop.wendorff.dk\/index.php\/wp-json\/wp\/v2\/product"}],"about":[{"href":"https:\/\/shop.wendorff.dk\/index.php\/wp-json\/wp\/v2\/types\/product"}],"replies":[{"embeddable":true,"href":"https:\/\/shop.wendorff.dk\/index.php\/wp-json\/wp\/v2\/comments?post=254"}],"wp:attachment":[{"href":"https:\/\/shop.wendorff.dk\/index.php\/wp-json\/wp\/v2\/media?parent=254"}],"wp:term":[{"taxonomy":"product_brand","embeddable":true,"href":"https:\/\/shop.wendorff.dk\/index.php\/wp-json\/wp\/v2\/product_brand?post=254"},{"taxonomy":"product_cat","embeddable":true,"href":"https:\/\/shop.wendorff.dk\/index.php\/wp-json\/wp\/v2\/product_cat?post=254"},{"taxonomy":"product_tag","embeddable":true,"href":"https:\/\/shop.wendorff.dk\/index.php\/wp-json\/wp\/v2\/product_tag?post=254"}],"curies":[{"name":"wp","href":"https:\/\/api.w.org\/{rel}","templated":true}]}}