{"id":29,"date":"2020-03-18T21:34:55","date_gmt":"2020-03-18T20:34:55","guid":{"rendered":"http:\/\/shop.wendorff.dk\/?post_type=product&#038;p=29"},"modified":"2026-03-20T09:50:26","modified_gmt":"2026-03-20T08:50:26","slug":"bozzo-milano","status":"publish","type":"product","link":"https:\/\/shop.wendorff.dk\/index.php\/vare\/bozzo-milano\/","title":{"rendered":"Bozzo Milano"},"content":{"rendered":"<p>Vand, Fransk hvedemel (HVEDEMEL, HVEDEGLUTEN, melbehandlingsmiddel: E300, enzymer (HVEDE)), DURUM HVEDEMEL, HVEDEMEL, maltekstrakt (BYG), HAVREKLID, halvsigtet RUGMEL, salt tilsat jod, g\u00e6r, ekstra jomfru olivenolie, \u00f8kologisk maltekstrakt (\u00f8kologisk BYGMALT, vand), HVEDEGLUTEN, emulgator: E472e, HVEDEMALTMEL, rapsolie, gurkemeje, melbehandlingsmiddel: E300, BYGMALTMEL, antiklumpningsmiddel: E535<\/p>\n<p>Energi 773 KJ<br \/>\nEnergi i Kcal 184 kcal<br \/>\nFedt 1,5 g<br \/>\n&#8211; heraf m\u00e6ttede fedt 0,3 g<br \/>\nKulhydrater 35 g<br \/>\n&#8211; heraf sukkerarter 1,7 g<br \/>\nProtein 6,3 g<br \/>\nSalt 0,99 g<br \/>\nKostfibre 2,2 g<br \/>\nVandindhold 42 g<\/p>\n","protected":false},"excerpt":{"rendered":"<p>Vand, Fransk hvedemel (HVEDEMEL, HVEDEGLUTEN, melbehandlingsmiddel: E300, enzymer (HVEDE)), DURUM HVEDEMEL, HVEDEMEL, maltekstrakt (BYG), HAVREKLID, halvsigtet RUGMEL, salt tilsat jod, g\u00e6r, ekstra jomfru olivenolie, \u00f8kologisk maltekstrakt (\u00f8kologisk BYGMALT, vand), HVEDEGLUTEN, emulgator: E472e, HVEDEMALTMEL, rapsolie, gurkemeje, melbehandlingsmiddel: E300, BYGMALTMEL, antiklumpningsmiddel: E535 Energi 773 KJ Energi i Kcal 184 kcal Fedt 1,5 g &#8211; heraf m\u00e6ttede fedt [&hellip;]<\/p>\n","protected":false},"featured_media":6544,"comment_status":"open","ping_status":"closed","template":"","meta":[],"product_brand":[],"product_cat":[22],"product_tag":[],"class_list":{"0":"post-29","1":"product","2":"type-product","3":"status-publish","4":"has-post-thumbnail","6":"product_cat-madbroed","8":"first","9":"instock","10":"purchasable","11":"product-type-simple"},"_links":{"self":[{"href":"https:\/\/shop.wendorff.dk\/index.php\/wp-json\/wp\/v2\/product\/29","targetHints":{"allow":["GET"]}}],"collection":[{"href":"https:\/\/shop.wendorff.dk\/index.php\/wp-json\/wp\/v2\/product"}],"about":[{"href":"https:\/\/shop.wendorff.dk\/index.php\/wp-json\/wp\/v2\/types\/product"}],"replies":[{"embeddable":true,"href":"https:\/\/shop.wendorff.dk\/index.php\/wp-json\/wp\/v2\/comments?post=29"}],"wp:featuredmedia":[{"embeddable":true,"href":"https:\/\/shop.wendorff.dk\/index.php\/wp-json\/wp\/v2\/media\/6544"}],"wp:attachment":[{"href":"https:\/\/shop.wendorff.dk\/index.php\/wp-json\/wp\/v2\/media?parent=29"}],"wp:term":[{"taxonomy":"product_brand","embeddable":true,"href":"https:\/\/shop.wendorff.dk\/index.php\/wp-json\/wp\/v2\/product_brand?post=29"},{"taxonomy":"product_cat","embeddable":true,"href":"https:\/\/shop.wendorff.dk\/index.php\/wp-json\/wp\/v2\/product_cat?post=29"},{"taxonomy":"product_tag","embeddable":true,"href":"https:\/\/shop.wendorff.dk\/index.php\/wp-json\/wp\/v2\/product_tag?post=29"}],"curies":[{"name":"wp","href":"https:\/\/api.w.org\/{rel}","templated":true}]}}