{"id":365,"date":"2020-04-07T12:11:09","date_gmt":"2020-04-07T10:11:09","guid":{"rendered":"http:\/\/shop.wendorff.dk\/?post_type=product&#038;p=365"},"modified":"2026-03-26T13:06:26","modified_gmt":"2026-03-26T12:06:26","slug":"3-stk-solstraalens-boller-uden-gluten-skal-opbevares-koeligt","status":"publish","type":"product","link":"https:\/\/shop.wendorff.dk\/index.php\/vare\/3-stk-solstraalens-boller-uden-gluten-skal-opbevares-koeligt\/","title":{"rendered":"3 stk. Solstr\u00e5lens boller (uden hvedemel, skal opbevares k\u00f8ligt)"},"content":{"rendered":"<p>\u00d8kologisk \u00c6G (19,4%), Hytteost (SKUMMETM\u00c6LK, FL\u00d8DE, salt, m\u00e6lkesyrekultur, OSTEL\u00d8BE), \u00f8kologisk \u00c6GGEHVIDER (11,3%), vand, glutenfri HAVREMEL, SKUMMETM\u00c6LKSPULVER, g\u00e6r, psyllium fr\u00f8skal, gr\u00e6skarkerner, salt tilsat jod, surhedsregulerende middel: (E270, E331iii), stabilisator: E412, antiklumpningsmiddel: E535<\/p>\n<p>Energi 657 KJ<br \/>\nEnergi i Kcal 157 kcal<br \/>\nFedt 4,8 g<br \/>\n&#8211; heraf m\u00e6ttede fedt 1,3 g<br \/>\nKulhydrater 13 g<br \/>\n&#8211; heraf sukkerarter 5,5 g<br \/>\nProtein 12 g<br \/>\nSalt 1,3 g<br \/>\nKostfibre 6,9 g<br \/>\nVandindhold 58 g<\/p>\n","protected":false},"excerpt":{"rendered":"<p>\u00d8kologisk \u00c6G (19,4%), Hytteost (SKUMMETM\u00c6LK, FL\u00d8DE, salt, m\u00e6lkesyrekultur, OSTEL\u00d8BE), \u00f8kologisk \u00c6GGEHVIDER (11,3%), vand, glutenfri HAVREMEL, SKUMMETM\u00c6LKSPULVER, g\u00e6r, psyllium fr\u00f8skal, gr\u00e6skarkerner, salt tilsat jod, surhedsregulerende middel: (E270, E331iii), stabilisator: E412, antiklumpningsmiddel: E535 Energi 657 KJ Energi i Kcal 157 kcal Fedt 4,8 g &#8211; heraf m\u00e6ttede fedt 1,3 g Kulhydrater 13 g &#8211; heraf sukkerarter 5,5 [&hellip;]<\/p>\n","protected":false},"featured_media":6428,"comment_status":"open","ping_status":"closed","template":"","meta":[],"product_brand":[],"product_cat":[27,19],"product_tag":[35,36,30,31,29,34,32,33],"class_list":{"0":"post-365","1":"product","2":"type-product","3":"status-publish","4":"has-post-thumbnail","6":"product_cat-udenmel","7":"product_cat-rundstykker","8":"product_tag-boller-uden-mel","9":"product_tag-broed-uden-mel","10":"product_tag-glutenfri-bager-odense","11":"product_tag-glutenfri-bager-svendborg","12":"product_tag-glutenfri-boller","13":"product_tag-glutenfri-kager","14":"product_tag-glutenfrit-broed","15":"product_tag-wendorff-glutenfri","17":"first","18":"instock","19":"purchasable","20":"product-type-simple"},"_links":{"self":[{"href":"https:\/\/shop.wendorff.dk\/index.php\/wp-json\/wp\/v2\/product\/365","targetHints":{"allow":["GET"]}}],"collection":[{"href":"https:\/\/shop.wendorff.dk\/index.php\/wp-json\/wp\/v2\/product"}],"about":[{"href":"https:\/\/shop.wendorff.dk\/index.php\/wp-json\/wp\/v2\/types\/product"}],"replies":[{"embeddable":true,"href":"https:\/\/shop.wendorff.dk\/index.php\/wp-json\/wp\/v2\/comments?post=365"}],"wp:featuredmedia":[{"embeddable":true,"href":"https:\/\/shop.wendorff.dk\/index.php\/wp-json\/wp\/v2\/media\/6428"}],"wp:attachment":[{"href":"https:\/\/shop.wendorff.dk\/index.php\/wp-json\/wp\/v2\/media?parent=365"}],"wp:term":[{"taxonomy":"product_brand","embeddable":true,"href":"https:\/\/shop.wendorff.dk\/index.php\/wp-json\/wp\/v2\/product_brand?post=365"},{"taxonomy":"product_cat","embeddable":true,"href":"https:\/\/shop.wendorff.dk\/index.php\/wp-json\/wp\/v2\/product_cat?post=365"},{"taxonomy":"product_tag","embeddable":true,"href":"https:\/\/shop.wendorff.dk\/index.php\/wp-json\/wp\/v2\/product_tag?post=365"}],"curies":[{"name":"wp","href":"https:\/\/api.w.org\/{rel}","templated":true}]}}