{"id":383,"date":"2020-04-08T12:52:00","date_gmt":"2020-04-08T10:52:00","guid":{"rendered":"http:\/\/shop.wendorff.dk\/?post_type=product&#038;p=383"},"modified":"2026-03-26T13:06:15","modified_gmt":"2026-03-26T12:06:15","slug":"knaekbroed-hjemmelavet","status":"publish","type":"product","link":"https:\/\/shop.wendorff.dk\/index.php\/vare\/knaekbroed-hjemmelavet\/","title":{"rendered":"Kn\u00e6kbr\u00f8d hjemmelavet"},"content":{"rendered":"<p>Ingredienser:<\/p>\n<p>Glutenfri havregryn<br \/>\nSesamfr\u00f8*<br \/>\nH\u00f8rfr\u00f8<br \/>\nSolsikke kerner<br \/>\nGr\u00e6skar kerner<br \/>\nHavsalt<br \/>\nBagepulver<br \/>\nLoppefr\u00f8skaller<br \/>\nBoghvedemel*<br \/>\nRapsolie<\/p>\n","protected":false},"excerpt":{"rendered":"<p>Ingredienser: Glutenfri havregryn Sesamfr\u00f8* H\u00f8rfr\u00f8 Solsikke kerner Gr\u00e6skar kerner Havsalt Bagepulver Loppefr\u00f8skaller Boghvedemel* Rapsolie<\/p>\n","protected":false},"featured_media":384,"comment_status":"open","ping_status":"closed","template":"","meta":[],"product_brand":[],"product_cat":[27],"product_tag":[],"class_list":{"0":"post-383","1":"product","2":"type-product","3":"status-publish","4":"has-post-thumbnail","6":"product_cat-udenmel","8":"first","9":"instock","10":"purchasable","11":"product-type-simple"},"_links":{"self":[{"href":"https:\/\/shop.wendorff.dk\/index.php\/wp-json\/wp\/v2\/product\/383","targetHints":{"allow":["GET"]}}],"collection":[{"href":"https:\/\/shop.wendorff.dk\/index.php\/wp-json\/wp\/v2\/product"}],"about":[{"href":"https:\/\/shop.wendorff.dk\/index.php\/wp-json\/wp\/v2\/types\/product"}],"replies":[{"embeddable":true,"href":"https:\/\/shop.wendorff.dk\/index.php\/wp-json\/wp\/v2\/comments?post=383"}],"wp:featuredmedia":[{"embeddable":true,"href":"https:\/\/shop.wendorff.dk\/index.php\/wp-json\/wp\/v2\/media\/384"}],"wp:attachment":[{"href":"https:\/\/shop.wendorff.dk\/index.php\/wp-json\/wp\/v2\/media?parent=383"}],"wp:term":[{"taxonomy":"product_brand","embeddable":true,"href":"https:\/\/shop.wendorff.dk\/index.php\/wp-json\/wp\/v2\/product_brand?post=383"},{"taxonomy":"product_cat","embeddable":true,"href":"https:\/\/shop.wendorff.dk\/index.php\/wp-json\/wp\/v2\/product_cat?post=383"},{"taxonomy":"product_tag","embeddable":true,"href":"https:\/\/shop.wendorff.dk\/index.php\/wp-json\/wp\/v2\/product_tag?post=383"}],"curies":[{"name":"wp","href":"https:\/\/api.w.org\/{rel}","templated":true}]}}