{"id":42,"date":"2020-03-18T21:47:34","date_gmt":"2020-03-18T20:47:34","guid":{"rendered":"http:\/\/shop.wendorff.dk\/?post_type=product&#038;p=42"},"modified":"2026-03-20T09:50:13","modified_gmt":"2026-03-20T08:50:13","slug":"oekologisk-groedbolle","status":"publish","type":"product","link":"https:\/\/shop.wendorff.dk\/index.php\/vare\/oekologisk-groedbolle\/","title":{"rendered":"Gr\u00f8dbolle"},"content":{"rendered":"<p>Ingredienser:<\/p>\n<p>fine havregryn*<br \/>\nchiafr\u00f8<br \/>\nsolsikkefr\u00f8<br \/>\nh\u00f8rfr\u00f8<br \/>\ngr\u00f8d*<br \/>\ng\u00e6r<br \/>\nolie<br \/>\nsukker<br \/>\nsalt<br \/>\nhvedemel*<br \/>\nhonning<\/p>\n<p>242 kcal. pr. 100 g.<\/p>\n","protected":false},"excerpt":{"rendered":"<p>Ingredienser: fine havregryn* chiafr\u00f8 solsikkefr\u00f8 h\u00f8rfr\u00f8 gr\u00f8d* g\u00e6r olie sukker salt hvedemel* honning 242 kcal. pr. 100 g.<\/p>\n","protected":false},"featured_media":6447,"comment_status":"open","ping_status":"closed","template":"","meta":[],"product_brand":[],"product_cat":[19],"product_tag":[],"class_list":{"0":"post-42","1":"product","2":"type-product","3":"status-publish","4":"has-post-thumbnail","6":"product_cat-rundstykker","8":"first","9":"instock","10":"purchasable","11":"product-type-simple"},"_links":{"self":[{"href":"https:\/\/shop.wendorff.dk\/index.php\/wp-json\/wp\/v2\/product\/42","targetHints":{"allow":["GET"]}}],"collection":[{"href":"https:\/\/shop.wendorff.dk\/index.php\/wp-json\/wp\/v2\/product"}],"about":[{"href":"https:\/\/shop.wendorff.dk\/index.php\/wp-json\/wp\/v2\/types\/product"}],"replies":[{"embeddable":true,"href":"https:\/\/shop.wendorff.dk\/index.php\/wp-json\/wp\/v2\/comments?post=42"}],"wp:featuredmedia":[{"embeddable":true,"href":"https:\/\/shop.wendorff.dk\/index.php\/wp-json\/wp\/v2\/media\/6447"}],"wp:attachment":[{"href":"https:\/\/shop.wendorff.dk\/index.php\/wp-json\/wp\/v2\/media?parent=42"}],"wp:term":[{"taxonomy":"product_brand","embeddable":true,"href":"https:\/\/shop.wendorff.dk\/index.php\/wp-json\/wp\/v2\/product_brand?post=42"},{"taxonomy":"product_cat","embeddable":true,"href":"https:\/\/shop.wendorff.dk\/index.php\/wp-json\/wp\/v2\/product_cat?post=42"},{"taxonomy":"product_tag","embeddable":true,"href":"https:\/\/shop.wendorff.dk\/index.php\/wp-json\/wp\/v2\/product_tag?post=42"}],"curies":[{"name":"wp","href":"https:\/\/api.w.org\/{rel}","templated":true}]}}