{"id":458,"date":"2020-05-18T11:03:35","date_gmt":"2020-05-18T09:03:35","guid":{"rendered":"http:\/\/shop.wendorff.dk\/?post_type=product&#038;p=458"},"modified":"2026-04-23T14:59:26","modified_gmt":"2026-04-23T12:59:26","slug":"karrypoelse-oeverst-paa-billedet","status":"publish","type":"product","link":"https:\/\/shop.wendorff.dk\/index.php\/vare\/karrypoelse-oeverst-paa-billedet\/","title":{"rendered":"Bagerens Bombay"},"content":{"rendered":"<p>m. fjerkr\u00e6p\u00f8lser fra N\u00f8rre S\u00f8by slagteren, bagt i vores egen hotdog dej og fyldt med:<\/p>\n<p>karry<\/p>\n<p>karry ketchup<\/p>\n<p>mango chutney<\/p>\n<p>varme krydderier<\/p>\n<p>Grahamsmel fra Egeskov M\u00f8lle*<br \/>\nhvedemel*<br \/>\nsigtemel*<br \/>\ndurum*<br \/>\nrapsolie<br \/>\ng\u00e6r<br \/>\nsukker<br \/>\nsalt<br \/>\nP\u00f8lse fra N\u00f8rre S\u00f8by slagteren<\/p>\n<p>&nbsp;<\/p>\n","protected":false},"excerpt":{"rendered":"<p>m. fjerkr\u00e6p\u00f8lser fra N\u00f8rre S\u00f8by slagteren, bagt i vores egen hotdog dej og fyldt med: karry karry ketchup mango chutney varme krydderier Grahamsmel fra Egeskov M\u00f8lle* hvedemel* sigtemel* durum* rapsolie g\u00e6r sukker salt P\u00f8lse fra N\u00f8rre S\u00f8by slagteren &nbsp;<\/p>\n","protected":false},"featured_media":6426,"comment_status":"open","ping_status":"closed","template":"","meta":[],"product_brand":[],"product_cat":[22,25],"product_tag":[],"class_list":{"0":"post-458","1":"product","2":"type-product","3":"status-publish","4":"has-post-thumbnail","6":"product_cat-madbroed","7":"product_cat-sandwich","9":"first","10":"instock","11":"downloadable","12":"purchasable","13":"product-type-simple"},"_links":{"self":[{"href":"https:\/\/shop.wendorff.dk\/index.php\/wp-json\/wp\/v2\/product\/458","targetHints":{"allow":["GET"]}}],"collection":[{"href":"https:\/\/shop.wendorff.dk\/index.php\/wp-json\/wp\/v2\/product"}],"about":[{"href":"https:\/\/shop.wendorff.dk\/index.php\/wp-json\/wp\/v2\/types\/product"}],"replies":[{"embeddable":true,"href":"https:\/\/shop.wendorff.dk\/index.php\/wp-json\/wp\/v2\/comments?post=458"}],"wp:featuredmedia":[{"embeddable":true,"href":"https:\/\/shop.wendorff.dk\/index.php\/wp-json\/wp\/v2\/media\/6426"}],"wp:attachment":[{"href":"https:\/\/shop.wendorff.dk\/index.php\/wp-json\/wp\/v2\/media?parent=458"}],"wp:term":[{"taxonomy":"product_brand","embeddable":true,"href":"https:\/\/shop.wendorff.dk\/index.php\/wp-json\/wp\/v2\/product_brand?post=458"},{"taxonomy":"product_cat","embeddable":true,"href":"https:\/\/shop.wendorff.dk\/index.php\/wp-json\/wp\/v2\/product_cat?post=458"},{"taxonomy":"product_tag","embeddable":true,"href":"https:\/\/shop.wendorff.dk\/index.php\/wp-json\/wp\/v2\/product_tag?post=458"}],"curies":[{"name":"wp","href":"https:\/\/api.w.org\/{rel}","templated":true}]}}