{"id":5564,"date":"2022-02-18T13:28:22","date_gmt":"2022-02-18T12:28:22","guid":{"rendered":"https:\/\/shop.wendorff.dk\/?post_type=product&#038;p=5564"},"modified":"2026-03-26T13:05:47","modified_gmt":"2026-03-26T12:05:47","slug":"karameldiamant","status":"publish","type":"product","link":"https:\/\/shop.wendorff.dk\/index.php\/vare\/karameldiamant\/","title":{"rendered":"Chokoladediamant (uden mel)"},"content":{"rendered":"<p>Kakaob\u00f8nner, sukker, sm\u00f8r (M\u00c6LK) (16,0%), \u00f8kologisk \u00c6GGEHVIDER (6,1%), kakaosm\u00f8r, \u00f8kologisk \u00c6GGEBLOMMER (5,5%), FL\u00d8DE, vand, emulgator: E322, salt, surhedsregulerende middel: (E331iii, E270), naturlig vaniljeekstrakt , stabilisator: E412<\/p>\n<p>Energi 2190 KJ<br \/>\nEnergi i Kcal 528 kcal<br \/>\nFedt 41 g<br \/>\n&#8211; heraf m\u00e6ttede fedt 26 g<br \/>\nKulhydrater 28 g<br \/>\n&#8211; heraf sukkerarter 25 g<br \/>\nProtein 6,9 g<br \/>\nSalt 0,24 g<br \/>\nKostfibre 7,7 g<br \/>\nVandindhold 15 g<\/p>\n","protected":false},"excerpt":{"rendered":"<p>Kakaob\u00f8nner, sukker, sm\u00f8r (M\u00c6LK) (16,0%), \u00f8kologisk \u00c6GGEHVIDER (6,1%), kakaosm\u00f8r, \u00f8kologisk \u00c6GGEBLOMMER (5,5%), FL\u00d8DE, vand, emulgator: E322, salt, surhedsregulerende middel: (E331iii, E270), naturlig vaniljeekstrakt , stabilisator: E412 Energi 2190 KJ Energi i Kcal 528 kcal Fedt 41 g &#8211; heraf m\u00e6ttede fedt 26 g Kulhydrater 28 g &#8211; heraf sukkerarter 25 g Protein 6,9 g Salt [&hellip;]<\/p>\n","protected":false},"featured_media":5624,"comment_status":"open","ping_status":"closed","template":"","meta":[],"product_brand":[],"product_cat":[27,20],"product_tag":[],"class_list":{"0":"post-5564","1":"product","2":"type-product","3":"status-publish","4":"has-post-thumbnail","6":"product_cat-udenmel","7":"product_cat-konditor","9":"first","10":"instock","11":"purchasable","12":"product-type-simple"},"_links":{"self":[{"href":"https:\/\/shop.wendorff.dk\/index.php\/wp-json\/wp\/v2\/product\/5564","targetHints":{"allow":["GET"]}}],"collection":[{"href":"https:\/\/shop.wendorff.dk\/index.php\/wp-json\/wp\/v2\/product"}],"about":[{"href":"https:\/\/shop.wendorff.dk\/index.php\/wp-json\/wp\/v2\/types\/product"}],"replies":[{"embeddable":true,"href":"https:\/\/shop.wendorff.dk\/index.php\/wp-json\/wp\/v2\/comments?post=5564"}],"wp:featuredmedia":[{"embeddable":true,"href":"https:\/\/shop.wendorff.dk\/index.php\/wp-json\/wp\/v2\/media\/5624"}],"wp:attachment":[{"href":"https:\/\/shop.wendorff.dk\/index.php\/wp-json\/wp\/v2\/media?parent=5564"}],"wp:term":[{"taxonomy":"product_brand","embeddable":true,"href":"https:\/\/shop.wendorff.dk\/index.php\/wp-json\/wp\/v2\/product_brand?post=5564"},{"taxonomy":"product_cat","embeddable":true,"href":"https:\/\/shop.wendorff.dk\/index.php\/wp-json\/wp\/v2\/product_cat?post=5564"},{"taxonomy":"product_tag","embeddable":true,"href":"https:\/\/shop.wendorff.dk\/index.php\/wp-json\/wp\/v2\/product_tag?post=5564"}],"curies":[{"name":"wp","href":"https:\/\/api.w.org\/{rel}","templated":true}]}}