{"id":5935,"date":"2023-08-17T13:06:59","date_gmt":"2023-08-17T11:06:59","guid":{"rendered":"https:\/\/shop.wendorff.dk\/?post_type=product&#038;p=5935"},"modified":"2026-03-20T09:44:53","modified_gmt":"2026-03-20T08:44:53","slug":"hybensnitte-vegan","status":"publish","type":"product","link":"https:\/\/shop.wendorff.dk\/index.php\/vare\/hybensnitte-vegan\/","title":{"rendered":"Hindb\u00e6rsnitte (vegan) kan bestilles hver mandag, onsdag, fredag og s\u00f8ndag"},"content":{"rendered":"<p>Fransk hvedemel (HVEDEMEL, HVEDEGLUTEN, melbehandlingsmiddel: E300, enzymer (HVEDE)), sukker, Soyadrik (vand, SOJAB\u00d8NNER, havsalt), palmeolie, MANDLER (4,7%), vand, rapsolie, h\u00e6vemiddel: (E450, E500), fyldemiddel: E1200, oligofructose, HVEDESTIVELSE, s\u00f8destof: (E968, E955), salt, vaniljepulver, aroma, konserveringsmiddel: E202, naturlig Vaniljearoma, vitamin A<\/p>\n<p>Energi 1528 KJ<br \/>\nEnergi i Kcal 364 kcal<br \/>\nFedt 14 g<br \/>\n&#8211; heraf m\u00e6ttede fedt 4,8 g<br \/>\nKulhydrater 51 g<br \/>\n&#8211; heraf sukkerarter 14 g<br \/>\nProtein 6,9 g<br \/>\nSalt 1,2 g<br \/>\nKostfibre 4,6 g<br \/>\nVandindhold 13 g<\/p>\n","protected":false},"excerpt":{"rendered":"<p>Fransk hvedemel (HVEDEMEL, HVEDEGLUTEN, melbehandlingsmiddel: E300, enzymer (HVEDE)), sukker, Soyadrik (vand, SOJAB\u00d8NNER, havsalt), palmeolie, MANDLER (4,7%), vand, rapsolie, h\u00e6vemiddel: (E450, E500), fyldemiddel: E1200, oligofructose, HVEDESTIVELSE, s\u00f8destof: (E968, E955), salt, vaniljepulver, aroma, konserveringsmiddel: E202, naturlig Vaniljearoma, vitamin A Energi 1528 KJ Energi i Kcal 364 kcal Fedt 14 g &#8211; heraf m\u00e6ttede fedt 4,8 g Kulhydrater [&hellip;]<\/p>\n","protected":false},"featured_media":6070,"comment_status":"open","ping_status":"closed","template":"","meta":[],"product_brand":[],"product_cat":[26,21],"product_tag":[],"class_list":{"0":"post-5935","1":"product","2":"type-product","3":"status-publish","4":"has-post-thumbnail","6":"product_cat-vegansk","7":"product_cat-wienerbroed","9":"first","10":"instock","11":"purchasable","12":"product-type-simple"},"_links":{"self":[{"href":"https:\/\/shop.wendorff.dk\/index.php\/wp-json\/wp\/v2\/product\/5935","targetHints":{"allow":["GET"]}}],"collection":[{"href":"https:\/\/shop.wendorff.dk\/index.php\/wp-json\/wp\/v2\/product"}],"about":[{"href":"https:\/\/shop.wendorff.dk\/index.php\/wp-json\/wp\/v2\/types\/product"}],"replies":[{"embeddable":true,"href":"https:\/\/shop.wendorff.dk\/index.php\/wp-json\/wp\/v2\/comments?post=5935"}],"wp:featuredmedia":[{"embeddable":true,"href":"https:\/\/shop.wendorff.dk\/index.php\/wp-json\/wp\/v2\/media\/6070"}],"wp:attachment":[{"href":"https:\/\/shop.wendorff.dk\/index.php\/wp-json\/wp\/v2\/media?parent=5935"}],"wp:term":[{"taxonomy":"product_brand","embeddable":true,"href":"https:\/\/shop.wendorff.dk\/index.php\/wp-json\/wp\/v2\/product_brand?post=5935"},{"taxonomy":"product_cat","embeddable":true,"href":"https:\/\/shop.wendorff.dk\/index.php\/wp-json\/wp\/v2\/product_cat?post=5935"},{"taxonomy":"product_tag","embeddable":true,"href":"https:\/\/shop.wendorff.dk\/index.php\/wp-json\/wp\/v2\/product_tag?post=5935"}],"curies":[{"name":"wp","href":"https:\/\/api.w.org\/{rel}","templated":true}]}}