{"id":6274,"date":"2024-01-11T11:23:22","date_gmt":"2024-01-11T10:23:22","guid":{"rendered":"https:\/\/shop.wendorff.dk\/?post_type=product&#038;p=6274"},"modified":"2026-03-20T09:44:40","modified_gmt":"2026-03-20T08:44:40","slug":"new-orleans-sandwich","status":"publish","type":"product","link":"https:\/\/shop.wendorff.dk\/index.php\/vare\/new-orleans-sandwich\/","title":{"rendered":"Pulled beef sandwich"},"content":{"rendered":"<p>Pulled beef<br \/>\nHvidk\u00e5l<br \/>\nGuler\u00f8dder<br \/>\nMayo*<br \/>\nRavigotte sauce* (sennep)<br \/>\nBarbecue sauce<br \/>\nCreme fraiche<br \/>\nSalt<br \/>\nPeber<br \/>\nSukker<br \/>\nEddike<br \/>\nChili<br \/>\npaprika<br \/>\nSpidskommen<br \/>\nFennikelfr\u00f8<br \/>\nHvidl\u00f8g<br \/>\nL\u00f8g<br \/>\nBrunFarin<br \/>\nHvidvin<\/p>\n<p>Brydeflute: Hvedemel*, Fuldkorns hvedemel*, salt, olivenolie, hvedesurdej*<\/p>\n<p>&nbsp;<\/p>\n<p>&nbsp;<\/p>\n<p>Allergener*<br \/>\nGluten<br \/>\nLaktose<br \/>\nN\u00f8dder<\/p>\n<p>&nbsp;<\/p>\n<p>&nbsp;<\/p>\n<p>&nbsp;<\/p>\n","protected":false},"excerpt":{"rendered":"<p>Pulled beef Hvidk\u00e5l Guler\u00f8dder Mayo* Ravigotte sauce* (sennep) Barbecue sauce Creme fraiche Salt Peber Sukker Eddike Chili paprika Spidskommen Fennikelfr\u00f8 Hvidl\u00f8g L\u00f8g BrunFarin Hvidvin Brydeflute: Hvedemel*, Fuldkorns hvedemel*, salt, olivenolie, hvedesurdej* &nbsp; &nbsp; Allergener* Gluten Laktose N\u00f8dder &nbsp; &nbsp; &nbsp;<\/p>\n","protected":false},"featured_media":6554,"comment_status":"open","ping_status":"closed","template":"","meta":[],"product_brand":[],"product_cat":[25],"product_tag":[],"class_list":{"0":"post-6274","1":"product","2":"type-product","3":"status-publish","4":"has-post-thumbnail","6":"product_cat-sandwich","8":"first","9":"instock","10":"taxable","11":"shipping-taxable","12":"purchasable","13":"product-type-simple"},"_links":{"self":[{"href":"https:\/\/shop.wendorff.dk\/index.php\/wp-json\/wp\/v2\/product\/6274","targetHints":{"allow":["GET"]}}],"collection":[{"href":"https:\/\/shop.wendorff.dk\/index.php\/wp-json\/wp\/v2\/product"}],"about":[{"href":"https:\/\/shop.wendorff.dk\/index.php\/wp-json\/wp\/v2\/types\/product"}],"replies":[{"embeddable":true,"href":"https:\/\/shop.wendorff.dk\/index.php\/wp-json\/wp\/v2\/comments?post=6274"}],"wp:featuredmedia":[{"embeddable":true,"href":"https:\/\/shop.wendorff.dk\/index.php\/wp-json\/wp\/v2\/media\/6554"}],"wp:attachment":[{"href":"https:\/\/shop.wendorff.dk\/index.php\/wp-json\/wp\/v2\/media?parent=6274"}],"wp:term":[{"taxonomy":"product_brand","embeddable":true,"href":"https:\/\/shop.wendorff.dk\/index.php\/wp-json\/wp\/v2\/product_brand?post=6274"},{"taxonomy":"product_cat","embeddable":true,"href":"https:\/\/shop.wendorff.dk\/index.php\/wp-json\/wp\/v2\/product_cat?post=6274"},{"taxonomy":"product_tag","embeddable":true,"href":"https:\/\/shop.wendorff.dk\/index.php\/wp-json\/wp\/v2\/product_tag?post=6274"}],"curies":[{"name":"wp","href":"https:\/\/api.w.org\/{rel}","templated":true}]}}