{"id":6281,"date":"2024-01-11T15:00:05","date_gmt":"2024-01-11T14:00:05","guid":{"rendered":"https:\/\/shop.wendorff.dk\/?post_type=product&#038;p=6281"},"modified":"2026-03-20T09:44:31","modified_gmt":"2026-03-20T08:44:31","slug":"rugbroeds-sandwich","status":"publish","type":"product","link":"https:\/\/shop.wendorff.dk\/index.php\/vare\/rugbroeds-sandwich\/","title":{"rendered":"Rugbr\u00f8ds sandwich"},"content":{"rendered":"<p>P\u00e5l\u00e6g varierer*<br \/>\nSm\u00f8r*<br \/>\nSalat<br \/>\nMayonnaise*<\/p>\n<p>Rugbr\u00f8d*:<br \/>\nHalvsigtemel*<br \/>\nRugkerner*<br \/>\nGr\u00e6skarkerner<br \/>\nSolsikkekerner<br \/>\nH\u00f8rfr\u00f8<br \/>\nSalt<br \/>\nG\u00e6r<br \/>\nMalt*<br \/>\nSurdej*<br \/>\nRevne kartofler<\/p>\n<p>&nbsp;<\/p>\n","protected":false},"excerpt":{"rendered":"<p>P\u00e5l\u00e6g varierer* Sm\u00f8r* Salat Mayonnaise* Rugbr\u00f8d*: Halvsigtemel* Rugkerner* Gr\u00e6skarkerner Solsikkekerner H\u00f8rfr\u00f8 Salt G\u00e6r Malt* Surdej* Revne kartofler &nbsp;<\/p>\n","protected":false},"featured_media":6282,"comment_status":"open","ping_status":"closed","template":"","meta":[],"product_brand":[],"product_cat":[25],"product_tag":[],"class_list":{"0":"post-6281","1":"product","2":"type-product","3":"status-publish","4":"has-post-thumbnail","6":"product_cat-sandwich","8":"first","9":"instock","10":"taxable","11":"shipping-taxable","12":"purchasable","13":"product-type-simple"},"_links":{"self":[{"href":"https:\/\/shop.wendorff.dk\/index.php\/wp-json\/wp\/v2\/product\/6281","targetHints":{"allow":["GET"]}}],"collection":[{"href":"https:\/\/shop.wendorff.dk\/index.php\/wp-json\/wp\/v2\/product"}],"about":[{"href":"https:\/\/shop.wendorff.dk\/index.php\/wp-json\/wp\/v2\/types\/product"}],"replies":[{"embeddable":true,"href":"https:\/\/shop.wendorff.dk\/index.php\/wp-json\/wp\/v2\/comments?post=6281"}],"wp:featuredmedia":[{"embeddable":true,"href":"https:\/\/shop.wendorff.dk\/index.php\/wp-json\/wp\/v2\/media\/6282"}],"wp:attachment":[{"href":"https:\/\/shop.wendorff.dk\/index.php\/wp-json\/wp\/v2\/media?parent=6281"}],"wp:term":[{"taxonomy":"product_brand","embeddable":true,"href":"https:\/\/shop.wendorff.dk\/index.php\/wp-json\/wp\/v2\/product_brand?post=6281"},{"taxonomy":"product_cat","embeddable":true,"href":"https:\/\/shop.wendorff.dk\/index.php\/wp-json\/wp\/v2\/product_cat?post=6281"},{"taxonomy":"product_tag","embeddable":true,"href":"https:\/\/shop.wendorff.dk\/index.php\/wp-json\/wp\/v2\/product_tag?post=6281"}],"curies":[{"name":"wp","href":"https:\/\/api.w.org\/{rel}","templated":true}]}}