{"id":6313,"date":"2024-03-11T11:24:08","date_gmt":"2024-03-11T10:24:08","guid":{"rendered":"https:\/\/shop.wendorff.dk\/?post_type=product&#038;p=6313"},"modified":"2026-03-20T09:44:23","modified_gmt":"2026-03-20T08:44:23","slug":"laksesandwich-m-faeroesk-koldroeget-laks","status":"publish","type":"product","link":"https:\/\/shop.wendorff.dk\/index.php\/vare\/laksesandwich-m-faeroesk-koldroeget-laks\/","title":{"rendered":"Laksesandwich m. f\u00e6r\u00f8sk koldr\u00f8get laks"},"content":{"rendered":"<p>Fransk fuldkornsmel*<br \/>\nFransk hvedemel*<br \/>\nHavsalt<br \/>\nOlivenolie<br \/>\nHvedesurdej *<\/p>\n<p>Koldr\u00f8get f\u00e6r\u00f8sk laks<br \/>\nRuccola<br \/>\nAgurk<br \/>\nGr\u00f8nne asparges<\/p>\n<p>Rapsolie<br \/>\nSyltede agurker<br \/>\nEddike<br \/>\n\u00c6ggeblomme*<br \/>\nKapers<br \/>\nEstragon<br \/>\nPersille<br \/>\nSukker<br \/>\nL\u00f8g<br \/>\nSennepsmel*<\/p>\n","protected":false},"excerpt":{"rendered":"<p>Fransk fuldkornsmel* Fransk hvedemel* Havsalt Olivenolie Hvedesurdej * Koldr\u00f8get f\u00e6r\u00f8sk laks Ruccola Agurk Gr\u00f8nne asparges Rapsolie Syltede agurker Eddike \u00c6ggeblomme* Kapers Estragon Persille Sukker L\u00f8g Sennepsmel*<\/p>\n","protected":false},"featured_media":5608,"comment_status":"open","ping_status":"closed","template":"","meta":[],"product_brand":[],"product_cat":[25],"product_tag":[],"class_list":{"0":"post-6313","1":"product","2":"type-product","3":"status-publish","4":"has-post-thumbnail","6":"product_cat-sandwich","8":"first","9":"instock","10":"taxable","11":"shipping-taxable","12":"purchasable","13":"product-type-simple"},"_links":{"self":[{"href":"https:\/\/shop.wendorff.dk\/index.php\/wp-json\/wp\/v2\/product\/6313","targetHints":{"allow":["GET"]}}],"collection":[{"href":"https:\/\/shop.wendorff.dk\/index.php\/wp-json\/wp\/v2\/product"}],"about":[{"href":"https:\/\/shop.wendorff.dk\/index.php\/wp-json\/wp\/v2\/types\/product"}],"replies":[{"embeddable":true,"href":"https:\/\/shop.wendorff.dk\/index.php\/wp-json\/wp\/v2\/comments?post=6313"}],"wp:featuredmedia":[{"embeddable":true,"href":"https:\/\/shop.wendorff.dk\/index.php\/wp-json\/wp\/v2\/media\/5608"}],"wp:attachment":[{"href":"https:\/\/shop.wendorff.dk\/index.php\/wp-json\/wp\/v2\/media?parent=6313"}],"wp:term":[{"taxonomy":"product_brand","embeddable":true,"href":"https:\/\/shop.wendorff.dk\/index.php\/wp-json\/wp\/v2\/product_brand?post=6313"},{"taxonomy":"product_cat","embeddable":true,"href":"https:\/\/shop.wendorff.dk\/index.php\/wp-json\/wp\/v2\/product_cat?post=6313"},{"taxonomy":"product_tag","embeddable":true,"href":"https:\/\/shop.wendorff.dk\/index.php\/wp-json\/wp\/v2\/product_tag?post=6313"}],"curies":[{"name":"wp","href":"https:\/\/api.w.org\/{rel}","templated":true}]}}