{"id":6341,"date":"2024-05-14T14:02:12","date_gmt":"2024-05-14T12:02:12","guid":{"rendered":"https:\/\/shop.wendorff.dk\/?post_type=product&#038;p=6341"},"modified":"2025-08-25T11:36:46","modified_gmt":"2025-08-25T09:36:46","slug":"havre-hamp-boller-uden-mel","status":"publish","type":"product","link":"https:\/\/shop.wendorff.dk\/index.php\/vare\/havre-hamp-boller-uden-mel\/","title":{"rendered":"Havreboller uden mel"},"content":{"rendered":"<p>Havremel glutenfri<br \/>\nLoppefr\u00f8 skaller<br \/>\nQuinoafr\u00f8<br \/>\nSkummetm\u00e6lkspulver *<br \/>\nM\u00e6lk*<br \/>\nG\u00e6r<br \/>\nSalt<br \/>\n\u00c6g*<br \/>\nVand<br \/>\nHavregryn glutenfrit<\/p>\n","protected":false},"excerpt":{"rendered":"<p>Havremel glutenfri Loppefr\u00f8 skaller Quinoafr\u00f8 Skummetm\u00e6lkspulver * M\u00e6lk* G\u00e6r Salt \u00c6g* Vand Havregryn glutenfrit<\/p>\n","protected":false},"featured_media":6342,"comment_status":"open","ping_status":"closed","template":"","meta":[],"product_brand":[],"product_cat":[27,19],"product_tag":[],"class_list":{"0":"post-6341","1":"product","2":"type-product","3":"status-publish","4":"has-post-thumbnail","6":"product_cat-udenmel","7":"product_cat-rundstykker","9":"first","10":"instock","11":"purchasable","12":"product-type-simple"},"_links":{"self":[{"href":"https:\/\/shop.wendorff.dk\/index.php\/wp-json\/wp\/v2\/product\/6341","targetHints":{"allow":["GET"]}}],"collection":[{"href":"https:\/\/shop.wendorff.dk\/index.php\/wp-json\/wp\/v2\/product"}],"about":[{"href":"https:\/\/shop.wendorff.dk\/index.php\/wp-json\/wp\/v2\/types\/product"}],"replies":[{"embeddable":true,"href":"https:\/\/shop.wendorff.dk\/index.php\/wp-json\/wp\/v2\/comments?post=6341"}],"wp:featuredmedia":[{"embeddable":true,"href":"https:\/\/shop.wendorff.dk\/index.php\/wp-json\/wp\/v2\/media\/6342"}],"wp:attachment":[{"href":"https:\/\/shop.wendorff.dk\/index.php\/wp-json\/wp\/v2\/media?parent=6341"}],"wp:term":[{"taxonomy":"product_brand","embeddable":true,"href":"https:\/\/shop.wendorff.dk\/index.php\/wp-json\/wp\/v2\/product_brand?post=6341"},{"taxonomy":"product_cat","embeddable":true,"href":"https:\/\/shop.wendorff.dk\/index.php\/wp-json\/wp\/v2\/product_cat?post=6341"},{"taxonomy":"product_tag","embeddable":true,"href":"https:\/\/shop.wendorff.dk\/index.php\/wp-json\/wp\/v2\/product_tag?post=6341"}],"curies":[{"name":"wp","href":"https:\/\/api.w.org\/{rel}","templated":true}]}}