{"id":6416,"date":"2025-03-06T09:36:47","date_gmt":"2025-03-06T08:36:47","guid":{"rendered":"https:\/\/shop.wendorff.dk\/?post_type=product&#038;p=6416"},"modified":"2026-03-20T09:44:11","modified_gmt":"2026-03-20T08:44:11","slug":"pistaciesnegl","status":"publish","type":"product","link":"https:\/\/shop.wendorff.dk\/index.php\/vare\/pistaciesnegl\/","title":{"rendered":"Pistaciesnegl"},"content":{"rendered":"<p>Fransk hvedemel (HVEDEMEL, HVEDEGLUTEN, melbehandlingsmiddel: E300, enzymer (HVEDE)), \u00f8kologisk \u00c6G (16,0%), \u00f8kologisk sm\u00f8r (M\u00c6LK) (15,9%), LETM\u00c6LK, sukker, MANDLER (4,8%), glukosesirup, sirup af invertsukker , fyldemiddel: E1200, oligofructose, s\u00f8destof: (E968, E955), g\u00e6r, vand, MANDELPULP, PISTACIE PULP (0,2%), salt, HASSELN\u00d8DDE PULP, surhedsregulerende middel: E270, gulerodskoncentrat, naturlig Aroma, spirulina koncentrat, konserveringsmiddel: E202<\/p>\n<p>Energi 1462 KJ<br \/>\nEnergi i Kcal 351 kcal<br \/>\nFedt 17 g<br \/>\n&#8211; heraf m\u00e6ttede fedt 8,9 g<br \/>\nKulhydrater 38 g<br \/>\n&#8211; heraf sukkerarter 9,7 g<br \/>\nProtein 7,8 g<br \/>\nSalt 0,26 g<br \/>\nKostfibre 4,2 g<br \/>\nVandindhold 24 g<\/p>\n","protected":false},"excerpt":{"rendered":"<p>Fransk hvedemel (HVEDEMEL, HVEDEGLUTEN, melbehandlingsmiddel: E300, enzymer (HVEDE)), \u00f8kologisk \u00c6G (16,0%), \u00f8kologisk sm\u00f8r (M\u00c6LK) (15,9%), LETM\u00c6LK, sukker, MANDLER (4,8%), glukosesirup, sirup af invertsukker , fyldemiddel: E1200, oligofructose, s\u00f8destof: (E968, E955), g\u00e6r, vand, MANDELPULP, PISTACIE PULP (0,2%), salt, HASSELN\u00d8DDE PULP, surhedsregulerende middel: E270, gulerodskoncentrat, naturlig Aroma, spirulina koncentrat, konserveringsmiddel: E202 Energi 1462 KJ Energi i Kcal [&hellip;]<\/p>\n","protected":false},"featured_media":6415,"comment_status":"open","ping_status":"closed","template":"","meta":[],"product_brand":[],"product_cat":[21],"product_tag":[],"class_list":{"0":"post-6416","1":"product","2":"type-product","3":"status-publish","4":"has-post-thumbnail","6":"product_cat-wienerbroed","8":"first","9":"instock","10":"taxable","11":"shipping-taxable","12":"purchasable","13":"product-type-simple"},"_links":{"self":[{"href":"https:\/\/shop.wendorff.dk\/index.php\/wp-json\/wp\/v2\/product\/6416","targetHints":{"allow":["GET"]}}],"collection":[{"href":"https:\/\/shop.wendorff.dk\/index.php\/wp-json\/wp\/v2\/product"}],"about":[{"href":"https:\/\/shop.wendorff.dk\/index.php\/wp-json\/wp\/v2\/types\/product"}],"replies":[{"embeddable":true,"href":"https:\/\/shop.wendorff.dk\/index.php\/wp-json\/wp\/v2\/comments?post=6416"}],"wp:featuredmedia":[{"embeddable":true,"href":"https:\/\/shop.wendorff.dk\/index.php\/wp-json\/wp\/v2\/media\/6415"}],"wp:attachment":[{"href":"https:\/\/shop.wendorff.dk\/index.php\/wp-json\/wp\/v2\/media?parent=6416"}],"wp:term":[{"taxonomy":"product_brand","embeddable":true,"href":"https:\/\/shop.wendorff.dk\/index.php\/wp-json\/wp\/v2\/product_brand?post=6416"},{"taxonomy":"product_cat","embeddable":true,"href":"https:\/\/shop.wendorff.dk\/index.php\/wp-json\/wp\/v2\/product_cat?post=6416"},{"taxonomy":"product_tag","embeddable":true,"href":"https:\/\/shop.wendorff.dk\/index.php\/wp-json\/wp\/v2\/product_tag?post=6416"}],"curies":[{"name":"wp","href":"https:\/\/api.w.org\/{rel}","templated":true}]}}