{"id":6475,"date":"2025-06-30T13:36:46","date_gmt":"2025-06-30T11:36:46","guid":{"rendered":"https:\/\/shop.wendorff.dk\/?post_type=product&#038;p=6475"},"modified":"2026-03-20T09:44:04","modified_gmt":"2026-03-20T08:44:04","slug":"signaturbroed-med-surdej-langtidshaevet","status":"publish","type":"product","link":"https:\/\/shop.wendorff.dk\/index.php\/vare\/signaturbroed-med-surdej-langtidshaevet\/","title":{"rendered":"Signaturbr\u00f8d med surdej (langtidsh\u00e6vet)"},"content":{"rendered":"<p>Vand, Fransk hvedemel (HVEDEMEL, HVEDEGLUTEN), HVEDEMEL, salt tilsat jod, K\u00c6RNEM\u00c6LK, HVEDEGLUTEN, g\u00e6r, emulgator: E472e, HVEDEMALTMEL, rapsolie<\/p>\n<p>Energi 801 KJ<br \/>\nEnergi i Kcal 191 kcal<br \/>\nFedt 0,7 g<br \/>\n&#8211; heraf m\u00e6ttede fedt 0,2 g<br \/>\nKulhydrater 38 g<br \/>\n&#8211; heraf sukkerarter 0,8 g<br \/>\nProtein 6,5 g<br \/>\nSalt 1,5 g<br \/>\nKostfibre 2,3 g<br \/>\nVandindhold 45 g<\/p>\n","protected":false},"excerpt":{"rendered":"<p>Vand, Fransk hvedemel (HVEDEMEL, HVEDEGLUTEN), HVEDEMEL, salt tilsat jod, K\u00c6RNEM\u00c6LK, HVEDEGLUTEN, g\u00e6r, emulgator: E472e, HVEDEMALTMEL, rapsolie Energi 801 KJ Energi i Kcal 191 kcal Fedt 0,7 g &#8211; heraf m\u00e6ttede fedt 0,2 g Kulhydrater 38 g &#8211; heraf sukkerarter 0,8 g Protein 6,5 g Salt 1,5 g Kostfibre 2,3 g Vandindhold 45 g<\/p>\n","protected":false},"featured_media":6476,"comment_status":"open","ping_status":"closed","template":"","meta":[],"product_brand":[],"product_cat":[22],"product_tag":[],"class_list":{"0":"post-6475","1":"product","2":"type-product","3":"status-publish","4":"has-post-thumbnail","6":"product_cat-madbroed","8":"first","9":"instock","10":"taxable","11":"shipping-taxable","12":"purchasable","13":"product-type-simple"},"_links":{"self":[{"href":"https:\/\/shop.wendorff.dk\/index.php\/wp-json\/wp\/v2\/product\/6475","targetHints":{"allow":["GET"]}}],"collection":[{"href":"https:\/\/shop.wendorff.dk\/index.php\/wp-json\/wp\/v2\/product"}],"about":[{"href":"https:\/\/shop.wendorff.dk\/index.php\/wp-json\/wp\/v2\/types\/product"}],"replies":[{"embeddable":true,"href":"https:\/\/shop.wendorff.dk\/index.php\/wp-json\/wp\/v2\/comments?post=6475"}],"wp:featuredmedia":[{"embeddable":true,"href":"https:\/\/shop.wendorff.dk\/index.php\/wp-json\/wp\/v2\/media\/6476"}],"wp:attachment":[{"href":"https:\/\/shop.wendorff.dk\/index.php\/wp-json\/wp\/v2\/media?parent=6475"}],"wp:term":[{"taxonomy":"product_brand","embeddable":true,"href":"https:\/\/shop.wendorff.dk\/index.php\/wp-json\/wp\/v2\/product_brand?post=6475"},{"taxonomy":"product_cat","embeddable":true,"href":"https:\/\/shop.wendorff.dk\/index.php\/wp-json\/wp\/v2\/product_cat?post=6475"},{"taxonomy":"product_tag","embeddable":true,"href":"https:\/\/shop.wendorff.dk\/index.php\/wp-json\/wp\/v2\/product_tag?post=6475"}],"curies":[{"name":"wp","href":"https:\/\/api.w.org\/{rel}","templated":true}]}}