{"id":660,"date":"2021-05-20T08:24:52","date_gmt":"2021-05-20T06:24:52","guid":{"rendered":"https:\/\/shop.wendorff.dk\/?post_type=product&#038;p=660"},"modified":"2025-08-25T11:33:42","modified_gmt":"2025-08-25T09:33:42","slug":"citrontaerter","status":"publish","type":"product","link":"https:\/\/shop.wendorff.dk\/index.php\/vare\/citrontaerter\/","title":{"rendered":"Citront\u00e6rter"},"content":{"rendered":"<p>Sm\u00f8r (M\u00c6LK) (38,4%), citronsaft (24,0%), sukker (1,8%), \u00f8kologisk \u00c6GGEBLOMMER (8,8%), HVEDEMEL, vand, \u00f8kologisk \u00c6G (0,7%), palmeolie, salt, rapsolie, kartoffelstivelse, surhedsregulerende middel: E270, h\u00e6vemiddel: (E450, E500), HVEDEMALTMEL, HVEDESTIVELSE, melbehandlingsmiddel: E300, naturlig aroma, vitamin A<\/p>\n<p>Energi 1775 KJ<br \/>\nEnergi i Kcal 428 kcal<br \/>\nFedt 34 g<br \/>\n&#8211; heraf m\u00e6ttede fedt 23 g<br \/>\nKulhydrater 25 g<br \/>\n&#8211; heraf sukkerarter 21 g<br \/>\nProtein 2,8 g<br \/>\nSalt 0,42 g<br \/>\nKostfibre 0,7 g<br \/>\nVandindhold 38 g<\/p>\n","protected":false},"excerpt":{"rendered":"<p>Sm\u00f8r (M\u00c6LK) (38,4%), citronsaft (24,0%), sukker (1,8%), \u00f8kologisk \u00c6GGEBLOMMER (8,8%), HVEDEMEL, vand, \u00f8kologisk \u00c6G (0,7%), palmeolie, salt, rapsolie, kartoffelstivelse, surhedsregulerende middel: E270, h\u00e6vemiddel: (E450, E500), HVEDEMALTMEL, HVEDESTIVELSE, melbehandlingsmiddel: E300, naturlig aroma, vitamin A Energi 1775 KJ Energi i Kcal 428 kcal Fedt 34 g &#8211; heraf m\u00e6ttede fedt 23 g Kulhydrater 25 g &#8211; heraf [&hellip;]<\/p>\n","protected":false},"featured_media":5641,"comment_status":"open","ping_status":"closed","template":"","meta":[],"product_brand":[],"product_cat":[20],"product_tag":[],"class_list":{"0":"post-660","1":"product","2":"type-product","3":"status-publish","4":"has-post-thumbnail","6":"product_cat-konditor","8":"first","9":"instock","10":"purchasable","11":"product-type-simple"},"_links":{"self":[{"href":"https:\/\/shop.wendorff.dk\/index.php\/wp-json\/wp\/v2\/product\/660","targetHints":{"allow":["GET"]}}],"collection":[{"href":"https:\/\/shop.wendorff.dk\/index.php\/wp-json\/wp\/v2\/product"}],"about":[{"href":"https:\/\/shop.wendorff.dk\/index.php\/wp-json\/wp\/v2\/types\/product"}],"replies":[{"embeddable":true,"href":"https:\/\/shop.wendorff.dk\/index.php\/wp-json\/wp\/v2\/comments?post=660"}],"wp:featuredmedia":[{"embeddable":true,"href":"https:\/\/shop.wendorff.dk\/index.php\/wp-json\/wp\/v2\/media\/5641"}],"wp:attachment":[{"href":"https:\/\/shop.wendorff.dk\/index.php\/wp-json\/wp\/v2\/media?parent=660"}],"wp:term":[{"taxonomy":"product_brand","embeddable":true,"href":"https:\/\/shop.wendorff.dk\/index.php\/wp-json\/wp\/v2\/product_brand?post=660"},{"taxonomy":"product_cat","embeddable":true,"href":"https:\/\/shop.wendorff.dk\/index.php\/wp-json\/wp\/v2\/product_cat?post=660"},{"taxonomy":"product_tag","embeddable":true,"href":"https:\/\/shop.wendorff.dk\/index.php\/wp-json\/wp\/v2\/product_tag?post=660"}],"curies":[{"name":"wp","href":"https:\/\/api.w.org\/{rel}","templated":true}]}}