{"id":80,"date":"2020-03-18T23:20:17","date_gmt":"2020-03-18T22:20:17","guid":{"rendered":"http:\/\/shop.wendorff.dk\/?post_type=product&#038;p=80"},"modified":"2026-03-20T09:49:52","modified_gmt":"2026-03-20T08:49:52","slug":"croissant","status":"publish","type":"product","link":"https:\/\/shop.wendorff.dk\/index.php\/vare\/croissant\/","title":{"rendered":"Croissant"},"content":{"rendered":"<p>Fransk hvedemel (HVEDEMEL, HVEDEGLUTEN, melbehandlingsmiddel: E300, enzymer (HVEDE)), LETM\u00c6LK, palmeolie, sukker, g\u00e6r, \u00f8kologisk \u00c6G (2,9%), sm\u00f8r (M\u00c6LK), vand, rapsolie, salt tilsat jod, HVEDEGLUTEN, HVEDEMEL, salt, emulgator: E472e, dextrose, HVEDEMALTMEL, surhedsregulerende middel: E270, melbehandlingsmiddel: E300<\/p>\n<p>Energi 1234 KJ<br \/>\nEnergi i Kcal 295 kcal<br \/>\nFedt 11 g<br \/>\n&#8211; heraf m\u00e6ttede fedt 5,0 g<br \/>\nKulhydrater 41 g<br \/>\n&#8211; heraf sukkerarter 6,7 g<br \/>\nProtein 7,1 g<br \/>\nSalt 0,98 g<br \/>\nKostfibre 2,2 g<br \/>\nVandindhold 30 g<\/p>\n","protected":false},"excerpt":{"rendered":"<p>Fransk hvedemel (HVEDEMEL, HVEDEGLUTEN, melbehandlingsmiddel: E300, enzymer (HVEDE)), LETM\u00c6LK, palmeolie, sukker, g\u00e6r, \u00f8kologisk \u00c6G (2,9%), sm\u00f8r (M\u00c6LK), vand, rapsolie, salt tilsat jod, HVEDEGLUTEN, HVEDEMEL, salt, emulgator: E472e, dextrose, HVEDEMALTMEL, surhedsregulerende middel: E270, melbehandlingsmiddel: E300 Energi 1234 KJ Energi i Kcal 295 kcal Fedt 11 g &#8211; heraf m\u00e6ttede fedt 5,0 g Kulhydrater 41 g &#8211; [&hellip;]<\/p>\n","protected":false},"featured_media":81,"comment_status":"open","ping_status":"closed","template":"","meta":[],"product_brand":[],"product_cat":[21],"product_tag":[],"class_list":{"0":"post-80","1":"product","2":"type-product","3":"status-publish","4":"has-post-thumbnail","6":"product_cat-wienerbroed","8":"first","9":"instock","10":"purchasable","11":"product-type-simple"},"_links":{"self":[{"href":"https:\/\/shop.wendorff.dk\/index.php\/wp-json\/wp\/v2\/product\/80","targetHints":{"allow":["GET"]}}],"collection":[{"href":"https:\/\/shop.wendorff.dk\/index.php\/wp-json\/wp\/v2\/product"}],"about":[{"href":"https:\/\/shop.wendorff.dk\/index.php\/wp-json\/wp\/v2\/types\/product"}],"replies":[{"embeddable":true,"href":"https:\/\/shop.wendorff.dk\/index.php\/wp-json\/wp\/v2\/comments?post=80"}],"wp:featuredmedia":[{"embeddable":true,"href":"https:\/\/shop.wendorff.dk\/index.php\/wp-json\/wp\/v2\/media\/81"}],"wp:attachment":[{"href":"https:\/\/shop.wendorff.dk\/index.php\/wp-json\/wp\/v2\/media?parent=80"}],"wp:term":[{"taxonomy":"product_brand","embeddable":true,"href":"https:\/\/shop.wendorff.dk\/index.php\/wp-json\/wp\/v2\/product_brand?post=80"},{"taxonomy":"product_cat","embeddable":true,"href":"https:\/\/shop.wendorff.dk\/index.php\/wp-json\/wp\/v2\/product_cat?post=80"},{"taxonomy":"product_tag","embeddable":true,"href":"https:\/\/shop.wendorff.dk\/index.php\/wp-json\/wp\/v2\/product_tag?post=80"}],"curies":[{"name":"wp","href":"https:\/\/api.w.org\/{rel}","templated":true}]}}