{"id":84,"date":"2020-03-18T23:26:27","date_gmt":"2020-03-18T22:26:27","guid":{"rendered":"http:\/\/shop.wendorff.dk\/?post_type=product&#038;p=84"},"modified":"2026-03-20T09:58:43","modified_gmt":"2026-03-20T08:58:43","slug":"gulerodsrugbroed","status":"publish","type":"product","link":"https:\/\/shop.wendorff.dk\/index.php\/vare\/gulerodsrugbroed\/","title":{"rendered":"Gulerodsrugbr\u00f8d"},"content":{"rendered":"<p>Halvsigtet RUGMEL, vand, HVEDEMEL, RUGKERNER, RUGMEL, h\u00f8rfr\u00f8, guler\u00f8dder (3,8%), \u00f8kologisk maltekstrakt (\u00f8kologisk BYGMALT, vand), salt tilsat jod, HAVREKLID, t\u00f8rret surdej med biologisk fremstillet m\u00e6lkesyre (HVEDEMEL, starterkultur), \u00f8kologisk RUGKERNER, \u00f8kologisk bl\u00e5 birkes (0,3%), g\u00e6r, sukker, \u00f8kologisk RUGMEL, maltekstrakt (vand, BYGMALT, ristet BYGMALT), chiafr\u00f8, maltekstrakt (BYGMALT, vand), maltekstrakt (BYG), surhedsregulerende middel: E260, valsede RUGKERNER, \u00f8kologisk honning, HVEDEMALTMEL, BYGMALTMEL, salt, solsikkekerner, \u00f8kologisk SESAMFR\u00d8, konserveringsmiddel: (E202, E211), \u00f8kologisk g\u00e6r, melbehandlingsmiddel: E300, antioxidant: E330<\/p>\n<p>Energi 1067 KJ<br \/>\nEnergi i Kcal 255 kcal<br \/>\nFedt 3,2 g<br \/>\n&#8211; heraf m\u00e6ttede fedt 0,4 g<br \/>\nKulhydrater 44 g<br \/>\n&#8211; heraf sukkerarter 2,9 g<br \/>\nProtein 7,6 g<br \/>\nSalt 1,7 g<br \/>\nKostfibre 8,1 g<br \/>\nVandindhold 30 g<\/p>\n","protected":false},"excerpt":{"rendered":"<p>Halvsigtet RUGMEL, vand, HVEDEMEL, RUGKERNER, RUGMEL, h\u00f8rfr\u00f8, guler\u00f8dder (3,8%), \u00f8kologisk maltekstrakt (\u00f8kologisk BYGMALT, vand), salt tilsat jod, HAVREKLID, t\u00f8rret surdej med biologisk fremstillet m\u00e6lkesyre (HVEDEMEL, starterkultur), \u00f8kologisk RUGKERNER, \u00f8kologisk bl\u00e5 birkes (0,3%), g\u00e6r, sukker, \u00f8kologisk RUGMEL, maltekstrakt (vand, BYGMALT, ristet BYGMALT), chiafr\u00f8, maltekstrakt (BYGMALT, vand), maltekstrakt (BYG), surhedsregulerende middel: E260, valsede RUGKERNER, \u00f8kologisk honning, HVEDEMALTMEL, [&hellip;]<\/p>\n","protected":false},"featured_media":6443,"comment_status":"open","ping_status":"closed","template":"","meta":[],"product_brand":[],"product_cat":[17],"product_tag":[],"class_list":{"0":"post-84","1":"product","2":"type-product","3":"status-publish","4":"has-post-thumbnail","6":"product_cat-rugbroed","7":"pa_variant-i-skiver","8":"pa_variant-ikke-i-skiver","10":"first","11":"instock","12":"purchasable","13":"product-type-variable"},"_links":{"self":[{"href":"https:\/\/shop.wendorff.dk\/index.php\/wp-json\/wp\/v2\/product\/84","targetHints":{"allow":["GET"]}}],"collection":[{"href":"https:\/\/shop.wendorff.dk\/index.php\/wp-json\/wp\/v2\/product"}],"about":[{"href":"https:\/\/shop.wendorff.dk\/index.php\/wp-json\/wp\/v2\/types\/product"}],"replies":[{"embeddable":true,"href":"https:\/\/shop.wendorff.dk\/index.php\/wp-json\/wp\/v2\/comments?post=84"}],"wp:featuredmedia":[{"embeddable":true,"href":"https:\/\/shop.wendorff.dk\/index.php\/wp-json\/wp\/v2\/media\/6443"}],"wp:attachment":[{"href":"https:\/\/shop.wendorff.dk\/index.php\/wp-json\/wp\/v2\/media?parent=84"}],"wp:term":[{"taxonomy":"product_brand","embeddable":true,"href":"https:\/\/shop.wendorff.dk\/index.php\/wp-json\/wp\/v2\/product_brand?post=84"},{"taxonomy":"product_cat","embeddable":true,"href":"https:\/\/shop.wendorff.dk\/index.php\/wp-json\/wp\/v2\/product_cat?post=84"},{"taxonomy":"product_tag","embeddable":true,"href":"https:\/\/shop.wendorff.dk\/index.php\/wp-json\/wp\/v2\/product_tag?post=84"}],"curies":[{"name":"wp","href":"https:\/\/api.w.org\/{rel}","templated":true}]}}