{"id":86,"date":"2020-03-18T23:30:45","date_gmt":"2020-03-18T22:30:45","guid":{"rendered":"http:\/\/shop.wendorff.dk\/?post_type=product&#038;p=86"},"modified":"2026-03-20T09:49:36","modified_gmt":"2026-03-20T08:49:36","slug":"kalvesandwich","status":"publish","type":"product","link":"https:\/\/shop.wendorff.dk\/index.php\/vare\/kalvesandwich\/","title":{"rendered":"Kalvesandwich"},"content":{"rendered":"<p><strong>rosa stegt kalvek\u00f8d<\/strong><\/p>\n<p><strong>r\u00f8dl\u00f8g<\/strong><\/p>\n<p><strong>bearnaise dressing<\/strong><\/p>\n<p><strong>p\u00e5 brydeflute<\/strong><\/p>\n<p>Fransk fuldkornsmel*<br \/>\nFransk hvedemel*<br \/>\nHavsalt<br \/>\nOlivenolie<br \/>\nHvedesurdej *<\/p>\n","protected":false},"excerpt":{"rendered":"<p>rosa stegt kalvek\u00f8d r\u00f8dl\u00f8g bearnaise dressing p\u00e5 brydeflute Fransk fuldkornsmel* Fransk hvedemel* Havsalt Olivenolie Hvedesurdej *<\/p>\n","protected":false},"featured_media":5697,"comment_status":"open","ping_status":"closed","template":"","meta":[],"product_brand":[],"product_cat":[25],"product_tag":[],"class_list":{"0":"post-86","1":"product","2":"type-product","3":"status-publish","4":"has-post-thumbnail","6":"product_cat-sandwich","8":"first","9":"instock","10":"purchasable","11":"product-type-simple"},"_links":{"self":[{"href":"https:\/\/shop.wendorff.dk\/index.php\/wp-json\/wp\/v2\/product\/86","targetHints":{"allow":["GET"]}}],"collection":[{"href":"https:\/\/shop.wendorff.dk\/index.php\/wp-json\/wp\/v2\/product"}],"about":[{"href":"https:\/\/shop.wendorff.dk\/index.php\/wp-json\/wp\/v2\/types\/product"}],"replies":[{"embeddable":true,"href":"https:\/\/shop.wendorff.dk\/index.php\/wp-json\/wp\/v2\/comments?post=86"}],"wp:featuredmedia":[{"embeddable":true,"href":"https:\/\/shop.wendorff.dk\/index.php\/wp-json\/wp\/v2\/media\/5697"}],"wp:attachment":[{"href":"https:\/\/shop.wendorff.dk\/index.php\/wp-json\/wp\/v2\/media?parent=86"}],"wp:term":[{"taxonomy":"product_brand","embeddable":true,"href":"https:\/\/shop.wendorff.dk\/index.php\/wp-json\/wp\/v2\/product_brand?post=86"},{"taxonomy":"product_cat","embeddable":true,"href":"https:\/\/shop.wendorff.dk\/index.php\/wp-json\/wp\/v2\/product_cat?post=86"},{"taxonomy":"product_tag","embeddable":true,"href":"https:\/\/shop.wendorff.dk\/index.php\/wp-json\/wp\/v2\/product_tag?post=86"}],"curies":[{"name":"wp","href":"https:\/\/api.w.org\/{rel}","templated":true}]}}