{"id":90,"date":"2020-03-18T23:32:24","date_gmt":"2020-03-18T22:32:24","guid":{"rendered":"http:\/\/shop.wendorff.dk\/?post_type=product&#038;p=90"},"modified":"2026-03-20T09:49:12","modified_gmt":"2026-03-20T08:49:12","slug":"vegansandwich","status":"publish","type":"product","link":"https:\/\/shop.wendorff.dk\/index.php\/vare\/vegansandwich\/","title":{"rendered":"Vegansk sandwich"},"content":{"rendered":"<p>Sellerib\u00f8f<\/p>\n<p>Avokado<\/p>\n<p>syltede r\u00f8dl\u00f8g<\/p>\n<p>Hummus<\/p>\n<p>Hvidl\u00f8g<\/p>\n<p>Fransk fuldkornsmel*<br \/>\nFransk hvedemel*<br \/>\nHavsalt<br \/>\nOlivenolie<br \/>\nHvedesurdej *<\/p>\n<p>&nbsp;<\/p>\n","protected":false},"excerpt":{"rendered":"<p>Sellerib\u00f8f Avokado syltede r\u00f8dl\u00f8g Hummus Hvidl\u00f8g Fransk fuldkornsmel* Fransk hvedemel* Havsalt Olivenolie Hvedesurdej * &nbsp;<\/p>\n","protected":false},"featured_media":6272,"comment_status":"open","ping_status":"closed","template":"","meta":[],"product_brand":[],"product_cat":[25],"product_tag":[],"class_list":{"0":"post-90","1":"product","2":"type-product","3":"status-publish","4":"has-post-thumbnail","6":"product_cat-sandwich","8":"first","9":"instock","10":"purchasable","11":"product-type-simple"},"_links":{"self":[{"href":"https:\/\/shop.wendorff.dk\/index.php\/wp-json\/wp\/v2\/product\/90","targetHints":{"allow":["GET"]}}],"collection":[{"href":"https:\/\/shop.wendorff.dk\/index.php\/wp-json\/wp\/v2\/product"}],"about":[{"href":"https:\/\/shop.wendorff.dk\/index.php\/wp-json\/wp\/v2\/types\/product"}],"replies":[{"embeddable":true,"href":"https:\/\/shop.wendorff.dk\/index.php\/wp-json\/wp\/v2\/comments?post=90"}],"wp:featuredmedia":[{"embeddable":true,"href":"https:\/\/shop.wendorff.dk\/index.php\/wp-json\/wp\/v2\/media\/6272"}],"wp:attachment":[{"href":"https:\/\/shop.wendorff.dk\/index.php\/wp-json\/wp\/v2\/media?parent=90"}],"wp:term":[{"taxonomy":"product_brand","embeddable":true,"href":"https:\/\/shop.wendorff.dk\/index.php\/wp-json\/wp\/v2\/product_brand?post=90"},{"taxonomy":"product_cat","embeddable":true,"href":"https:\/\/shop.wendorff.dk\/index.php\/wp-json\/wp\/v2\/product_cat?post=90"},{"taxonomy":"product_tag","embeddable":true,"href":"https:\/\/shop.wendorff.dk\/index.php\/wp-json\/wp\/v2\/product_tag?post=90"}],"curies":[{"name":"wp","href":"https:\/\/api.w.org\/{rel}","templated":true}]}}